{"id":7306,"date":"2021-10-13T07:22:27","date_gmt":"2021-10-13T07:22:27","guid":{"rendered":"https:\/\/www.roulartaprinting.be\/disclaimer\/"},"modified":"2022-04-22T13:41:11","modified_gmt":"2022-04-22T12:41:11","slug":"avertissement","status":"publish","type":"page","link":"https:\/\/www.roulartaprinting.be\/fr\/avertissement\/","title":{"rendered":"Avertissement"},"content":{"rendered":"<p>[et_pb_section fb_built=&#8221;1&#8243; _builder_version=&#8221;4.9.11&#8243; _module_preset=&#8221;default&#8221; global_colors_info=&#8221;{}&#8221;][et_pb_row _builder_version=&#8221;4.9.11&#8243; _module_preset=&#8221;default&#8221; global_colors_info=&#8221;{}&#8221;][et_pb_column type=&#8221;4_4&#8243; _builder_version=&#8221;4.9.11&#8243; _module_preset=&#8221;default&#8221; global_colors_info=&#8221;{}&#8221;][et_pb_text _builder_version=&#8221;4.9.11&#8243; _module_preset=&#8221;default&#8221; global_colors_info=&#8221;{}&#8221;]<strong>Le r\u00e8glement suivant s&#8217;applique \u00e0 toutes les initiatives Internet de Roularta Media Group S.A. (si\u00e8ge social Meiboomlaan 33, 8800 Roeselare et num\u00e9ro d\u2019entreprise 0434.278.896) et de ses filiales, ci-apr\u00e8s conjointement nomm\u00e9es &#8220;notre soci\u00e9t\u00e9&#8221;. Tout utilisateur est suppos\u00e9 avoir pris connaissance, avoir compris, accepter implicitement les conditions suivantes et s&#8217;y soumettre. Il consent \u00e9galement au traitement. L&#8217;\u00e9ventuelle nullit\u00e9 d&#8217;une disposition, en raison d&#8217;une contradiction \u00e0 l&#8217;\u00e9gard du droit contraignant, n&#8217;influence en rien le caract\u00e8re ex\u00e9cutoire de toutes les autres dispositions mentionn\u00e9es, tel que d\u00e9fini ci-apr\u00e8s, des donn\u00e9es personnelles qu&#8217;il a communiqu\u00e9es.<\/strong><\/p>\n<p><strong>1. RESPONSABILIT\u00c9<\/strong><\/p>\n<p>Notre soci\u00e9t\u00e9 s&#8217;efforce de vous donner les informations les plus r\u00e9centes, fiables et compl\u00e8tes. Si toutefois nous remarquons des erreurs, celles-ci seront corrig\u00e9es ou modifi\u00e9es dans les plus brefs d\u00e9lais. Cependant, ces pr\u00e9cautions ne garantissent pas enti\u00e8rement l&#8217;exactitude et la qualit\u00e9 des informations fournies.<\/p>\n<p>Le contenu de ce site web ne pr\u00e9tend \u00e0 aucun moment \u00eatre une base l\u00e9gale de quelque nature que ce soit. Sauf disposition contraire expresse, les donn\u00e9es ont un caract\u00e8re g\u00e9n\u00e9ral et ne sont pas adapt\u00e9es aux conditions propres \u00e0 un objectif ou un individu d\u00e9termin\u00e9.<\/p>\n<p>Notre soci\u00e9t\u00e9 exclut toute responsabilit\u00e9 pour les dommages directs, indirects, accidentels ou particuliers, de quelque nature que ce soit (manque \u00e0 gagner, perte d&#8217;opportunit\u00e9, dommage caus\u00e9 par une n\u00e9gligence ou un oubli dans la livraison, la compilation, le montage, l&#8217;\u00e9criture, l&#8217;interpr\u00e9tation, la mention et la diffusion d&#8217;informations?), et qui r\u00e9sultent des ou sont quelque peu li\u00e9s aux pages web et offres publi\u00e9es par notre soci\u00e9t\u00e9, et ce, que celle-ci ait \u00e9t\u00e9 conscient ou non de la survenance possible de ce dommage.<\/p>\n<p>La responsabilit\u00e9 quant aux articles et photos incombe \u00e0 l&#8217;auteur de l&#8217;article ou de la photo.<\/p>\n<p>Nous ne pouvons \u00eatre tenus responsables de tout dommage direct ou indirect d\u00e9coulant de l&#8217;utilisation des informations obtenues par le biais de notre soci\u00e9t\u00e9. L&#8217;utilisateur assume seul la responsabilit\u00e9 du contr\u00f4le de l&#8217;exactitude, de l&#8217;exhaustivit\u00e9 ou du caract\u00e8re utilisable des donn\u00e9es disponibles.<\/p>\n<p>Nous t\u00e2chons d&#8217;\u00e9viter autant que faire se peut les difficult\u00e9s techniques. Nous ne pouvons \u00eatre tenus responsables des \u00e9ventuelles perturbations, interruptions ou erreurs dans la fourniture de donn\u00e9es ou des cons\u00e9quences de celles-ci (interruption du travail, endommagement de vos programmes ou appareils) ; toute demande de compensation financi\u00e8re est d\u00e8s lors exclue.<\/p>\n<p>Cette clause de non-responsabilit\u00e9 ne vise bien entendu pas \u00e0 exclure une \u00e9ventuelle responsabilit\u00e9 dans les mati\u00e8res contre lesquelles il n&#8217;est pas possible de se pr\u00e9munir en vertu du droit commun, notamment les dommages qui r\u00e9sultent de fautes graves et volontaires dans les informations mises \u00e0 disposition.<\/p>\n<p><strong>2. DROIT D&#8217;AUTEUR<\/strong><\/p>\n<p>Toutes les donn\u00e9es et informations fournies sont la propri\u00e9t\u00e9 de notre soci\u00e9t\u00e9.<\/p>\n<p>Afin de respecter les droits d&#8217;auteur existants, il est interdit de modifier, de reproduire, de vendre ou de changer les fichiers, d&#8217;utiliser les donn\u00e9es \u00e0 des fins illicites, de divulguer publiquement des informations \u00e0 des tiers, de sauvegarder des informations dans une base de donn\u00e9es (\u00e0 l&#8217;exception de la proc\u00e9dure \u00ab cache \u00bb automatiquement ex\u00e9cut\u00e9e par le navigateur Internet) et d&#8217;utiliser les donn\u00e9es dans un autre but que celui vis\u00e9 sur le pr\u00e9sent site, \u00e0 savoir la diffusion d&#8217;informations g\u00e9n\u00e9rales concernant notre soci\u00e9t\u00e9, sans l&#8217;autorisation \u00e9crite pr\u00e9alable du titulaire du droit d&#8217;auteur. Les droits de reproduction requis sont indispensables.<\/p>\n<p>Le t\u00e9l\u00e9chargement et la copie de donn\u00e9es \u00e0 usage priv\u00e9, la publication limit\u00e9e exclusivement au cercle familial et les courtes citations d&#8217;articles sont permis, sans autorisation et pour autant que la source soit mentionn\u00e9e, sauf pour une utilisation \u00e0 des fins commerciales.<\/p>\n<p>Une autorisation pr\u00e9alable est en revanche toujours requise pour la reproduction ou l&#8217;utilisation d&#8217;informations multim\u00e9dia (images, sons, logiciels,&#8230;).<\/p>\n<p>Certains noms, signes ou logos pr\u00e9sents sur ce site sont des marques d\u00e9pos\u00e9es. Elles sont la propri\u00e9t\u00e9 de notre soci\u00e9t\u00e9 et sont prot\u00e9g\u00e9es par les lois tant nationales qu&#8217;internationales. Les utilisateurs ne peuvent par cons\u00e9quent les utiliser sans l&#8217;autorisation \u00e9crite pr\u00e9alable de la soci\u00e9t\u00e9.<\/p>\n<p>S&#8217;il vous est possible d&#8217;apporter votre contribution \u00e0 notre site web, aucune \u0153uvre prot\u00e9g\u00e9e par des droits de propri\u00e9t\u00e9 intellectuelle ne peut \u00eatre transmise \u00e0 moins de disposer vous-m\u00eame des droits ou d&#8217;avoir obtenu l&#8217;autorisation \u00e9crite pr\u00e9alable n\u00e9cessaire.<\/p>\n<p>Dans tous les cas, vous garantissez notre soci\u00e9t\u00e9 contre toute r\u00e9clamation d&#8217;un tiers.<\/p>\n<p><strong>3. PROTECTION DE LA VIE PRIV\u00c9E<\/strong><\/p>\n<p>http:\/\/www.roularta.be\/fr\/privacy<\/p>\n<p><strong>4. \u00c9TABLISSEMENT D&#8217;UN HYPERLIEN VERS UN SITE WEB<\/strong><\/p>\n<p>L&#8217;\u00e9tablissement d&#8217;un hyperlien sur votre site vers la page d&#8217;accueil du site de notre soci\u00e9t\u00e9 n&#8217;est possible qu&#8217;\u00e0 condition d&#8217;avoir d&#8217;abord contact\u00e9 l&#8217;administrateur de notre site et obtenu l&#8217;approbation expresse de notre soci\u00e9t\u00e9. L&#8217;adresse URL compl\u00e8te du site web de notre soci\u00e9t\u00e9 doit \u00eatre clairement visible.<\/p>\n<p>Notre soci\u00e9t\u00e9 n&#8217;est pas responsable de la divulgation de fichiers informatifs de tiers li\u00e9s \u00e0 cette page web. Ce lien n&#8217;implique aucunement la validation de ces fichiers et ne signifie pas l&#8217;existence d&#8217;une collaboration entre notre soci\u00e9t\u00e9 et les administrateurs de cet autre site.<\/p>\n<p>Notre soci\u00e9t\u00e9 ne donne aucune garantie implicite ou explicite quant \u00e0 l&#8217;exactitude ou \u00e0 l&#8217;exhaustivit\u00e9 des donn\u00e9es contenues sur les sites li\u00e9s. Il est impossible de contr\u00f4ler le contenu de toutes les informations.<\/p>\n<p>La pr\u00e9sence de ce lien ne signifie pas non plus que notre soci\u00e9t\u00e9 approuve les produits ou services d\u00e9crits sur le site en question.<\/p>\n<p>L&#8217;accessibilit\u00e9 et l&#8217;utilisation de tout autre site Internet li\u00e9 \u00e0 ce site se fait aux risques et p\u00e9rils de l&#8217;utilisateur.<\/p>\n<p>Notre soci\u00e9t\u00e9, de m\u00eame que ses travailleurs, repr\u00e9sentants, titulaires de licence et partenaires commerciaux seront prot\u00e9g\u00e9s et garantis contre toute action judiciaire ou extrajudiciaire, en ce compris les frais d&#8217;assistance juridique, de comptabilit\u00e9 et autres, intent\u00e9e par des tiers en raison de manquements relatifs au contenu ou \u00e0 la disponibilit\u00e9 du site web li\u00e9, \u00e0 son existence ou \u00e0 son utilisation ou de toute infraction \u00e0 une quelconque disposition l\u00e9gale ou violation des droits de tiers.<\/p>\n<p>Nous nous r\u00e9servons le droit de mettre fin \u00e0 tout lien \u00e0 n&#8217;importe quel moment.<\/p>\n<p><strong>5. INFORMATIONS FINANCI\u00c8RES<\/strong><\/p>\n<p>Toutes les donn\u00e9es fournies sont des informations purement g\u00e9n\u00e9rales pouvant \u00eatre modifi\u00e9es \u00e0 tout moment et sans avertissement par notre soci\u00e9t\u00e9.<\/p>\n<p>Les donn\u00e9es disponibles ne constituent en rien un avis juridique, professionnel ou personnel. Par cons\u00e9quent, les informations fournies ne peuvent pas \u00eatre consid\u00e9r\u00e9es comme un conseil en mati\u00e8re d&#8217;investissement, ni comme une invitation implicite ou explicite \u00e0 l&#8217;achat, la vente ou la n\u00e9gociation, de quelque fa\u00e7on que ce soit, d&#8217;actions ou d&#8217;autres titres d&#8217;une soci\u00e9t\u00e9, quelle qu&#8217;elle soit.<\/p>\n<p>Si un conseil sp\u00e9cialis\u00e9 s&#8217;av\u00e9rait n\u00e9cessaire \u00e0 propos des valeurs mobili\u00e8res trait\u00e9es, recommand\u00e9es ou d\u00e9conseill\u00e9es ici, veuillez consulter \u00e0 ce sujet une personne qualifi\u00e9e. Toute d\u00e9cision qui en d\u00e9coule est r\u00e9put\u00e9e avoir \u00e9t\u00e9 prise sous votre propre responsabilit\u00e9.<\/p>\n<p><strong>6. R\u00c8GLES SUR LA PARTICIPATION \u00c0 DES GROUPES DE DISCUSSION<\/strong><\/p>\n<p>Les diff\u00e9rents forums permettent de discuter en ligne avec d&#8217;autres visiteurs du site web. Tout le monde peut ainsi lire des messages et r\u00e9pondre \u00e0 des questions avec le m\u00eame int\u00e9r\u00eat.<\/p>\n<p>Afin d&#8217;\u00e9viter tout abus, l&#8217;utilisateur de ces forums de discussion se voit soumis \u00e0 quelques r\u00e8gles de conduite :<\/p>\n<p>Le respect des droits de propri\u00e9t\u00e9 intellectuelle :<\/p>\n<p>L&#8217;envoi de travaux prot\u00e9g\u00e9s par des droits d&#8217;auteur ou pour lesquels un droit de propri\u00e9t\u00e9 industriel a \u00e9t\u00e9 enregistr\u00e9, sans y \u00eatre autoris\u00e9 ou sans poss\u00e9der effectivement la propri\u00e9t\u00e9 des droits vis\u00e9s, est interdit. L&#8217;utilisateur garantit dans tous les cas notre soci\u00e9t\u00e9 contre toute r\u00e9clamation d&#8217;un tiers.<\/p>\n<p>Le respect de la l\u00e9gislation en vigueur :<\/p>\n<p>Tout propos susceptible de porter atteinte, de quelque mani\u00e8re que ce soit, \u00e0 des personnes ou institutions, est interdit. Il s&#8217;agit de propos contraires \u00e0 l&#8217;ordre public et aux bonnes m\u0153urs, \u00e0 caract\u00e8re insultant ou discriminatoire, blasph\u00e9matoire ou blessant, illicite ou mensonger. Il est \u00e9galement interdit de diffuser des donn\u00e9es qui portent atteinte \u00e0 la vie priv\u00e9e des utilisateurs, incitent \u00e0 la haine raciale et \u00e0 la x\u00e9nophobie ou reviennent \u00e0 faire une publicit\u00e9 non autoris\u00e9e. La violation consciente ou non de lois nationales ou internationales est \u00e9galement interdite.<\/p>\n<p>Les offres ou recherches d&#8217;emploi, les informations commerciales ou tout autre message non pertinent n&#8217;ont pas leur place sur le forum.<\/p>\n<p>Les messages envoy\u00e9s ne peuvent contenir de virus ou pr\u00e9senter de d\u00e9fauts techniques, ni endommager d&#8217;autres ordinateurs ou serveurs.<\/p>\n<p>En cas de non-respect des pr\u00e9sentes conditions, notre soci\u00e9t\u00e9 se r\u00e9serve le droit, sans avertissement pr\u00e9alable, de :<\/p>\n<ul>\n<li>Supprimer des messages pour infraction aux droits de propri\u00e9t\u00e9 intellectuelle ou \u00e0 la l\u00e9gislation en vigueur.<br \/>\nCl\u00f4turer des discussions.<\/li>\n<li>Refuser l&#8217;acc\u00e8s au forum de discussion en raison de l&#8217;envoi r\u00e9p\u00e9t\u00e9 de messages inappropri\u00e9s tels que susmentionn\u00e9s. Ce refus ne doit pas \u00eatre motiv\u00e9.<\/li>\n<li>Informer les services de police ou les autorit\u00e9s judiciaires en cas de comportement illicite grave.<\/li>\n<li>En utilisant ces forums, le visiteur accepte la publication de son nom et de son adresse e-mail sur la page web. Ces informations ne peuvent toutefois pas \u00eatre utilis\u00e9es par d&#8217;autres utilisateurs \u00e0 des fins commerciales ou ill\u00e9gales (spamming, stalking,&#8230;).<\/li>\n<\/ul>\n<p>Par manque de moyens de contr\u00f4le, notre soci\u00e9t\u00e9 n&#8217;est pas responsable du contenu des messages, ni du contenu d&#8217;autres sites web qui pourraient \u00eatre li\u00e9s aux forums par un hyperlien, ni de l&#8217;utilisation par des tiers d&#8217;adresses e-mail reprises dans les forums.<\/p>\n<p><strong>7. SITES<\/strong><\/p>\n<p>L\u2019\u00e9diteur se r\u00e9serve le droit d\u2019interdire et de bloquer l\u2019acc\u00e8s aux contenus du pr\u00e9sent site web aux utilisateurs faisant usage d\u2019un ou de plusieurs logiciels visant \u00e0 emp\u00eacher l\u2019affichage de publicit\u00e9 sur le pr\u00e9sent site web. Cette disposition est \u00e9galement applicable aux utilisateurs disposant d\u2019un acc\u00e8s payant.<\/p>\n<p><strong>8. LITIGES<\/strong><\/p>\n<p>Tout litige ou action ayant trait au sujet trait\u00e9 sur le pr\u00e9sent site web est r\u00e9gi par le droit belge. L&#8217;utilisateur s&#8217;engage \u00e0 se soumettre \u00e0 la comp\u00e9tence exclusive du tribunal de Kortrijk, sans pr\u00e9judice du droit de notre soci\u00e9t\u00e9 de citer devant tout autre tribunal comp\u00e9tent.<\/p>\n<p>Roularta Media Group ou ses filiales se r\u00e9servent le droit de modifier la pr\u00e9sente page web \u00e0 sa seule discr\u00e9tion, sans devoir r\u00e9pondre des cons\u00e9quences de cette modification. Les probl\u00e8mes peuvent \u00e0 tout moment \u00eatre signal\u00e9s \u00e0 l&#8217;administrateur de ce site.[\/et_pb_text][\/et_pb_column][\/et_pb_row][\/et_pb_section]<\/p>\n","protected":false},"excerpt":{"rendered":"<p>Le r\u00e8glement suivant s&#8217;applique \u00e0 toutes les initiatives Internet de Roularta Media Group S.A. (si\u00e8ge social Meiboomlaan 33, 8800 Roeselare et num\u00e9ro d\u2019entreprise 0434.278.896) et de ses filiales, ci-apr\u00e8s conjointement nomm\u00e9es &#8220;notre soci\u00e9t\u00e9&#8221;. Tout utilisateur est suppos\u00e9 avoir pris connaissance, avoir compris, accepter implicitement les conditions suivantes et s&#8217;y soumettre. Il consent \u00e9galement au traitement. [&hellip;]<\/p>\n","protected":false},"author":3,"featured_media":0,"parent":0,"menu_order":4,"comment_status":"closed","ping_status":"closed","template":"","meta":{"_et_pb_use_builder":"on","_et_pb_old_content":"","_et_gb_content_width":""},"yoast_head":"<!-- This site is optimized with the Yoast SEO plugin v19.3 - https:\/\/yoast.com\/wordpress\/plugins\/seo\/ -->\n<title>Avertissement - Roularta Printing<\/title>\n<meta name=\"robots\" content=\"index, follow, max-snippet:-1, max-image-preview:large, max-video-preview:-1\" \/>\n<link rel=\"canonical\" href=\"https:\/\/www.roulartaprinting.be\/fr\/avertissement\/\" \/>\n<meta property=\"og:locale\" content=\"fr_FR\" \/>\n<meta property=\"og:type\" content=\"article\" \/>\n<meta property=\"og:title\" content=\"Avertissement - Roularta Printing\" \/>\n<meta property=\"og:description\" content=\"Le r\u00e8glement suivant s&#039;applique \u00e0 toutes les initiatives Internet de Roularta Media Group S.A. (si\u00e8ge social Meiboomlaan 33, 8800 Roeselare et num\u00e9ro d\u2019entreprise 0434.278.896) et de ses filiales, ci-apr\u00e8s conjointement nomm\u00e9es &quot;notre soci\u00e9t\u00e9&quot;. Tout utilisateur est suppos\u00e9 avoir pris connaissance, avoir compris, accepter implicitement les conditions suivantes et s&#039;y soumettre. Il consent \u00e9galement au traitement. [&hellip;]\" \/>\n<meta property=\"og:url\" content=\"https:\/\/www.roulartaprinting.be\/fr\/avertissement\/\" \/>\n<meta property=\"og:site_name\" content=\"Roularta Printing\" \/>\n<meta property=\"article:publisher\" content=\"https:\/\/www.facebook.com\/RoulartaMediaGroupNV\" \/>\n<meta property=\"article:modified_time\" content=\"2022-04-22T12:41:11+00:00\" \/>\n<meta property=\"og:image\" content=\"https:\/\/www.roulartaprinting.be\/wp-content\/uploads\/printing-nav-logo.png\" \/>\n\t<meta property=\"og:image:width\" content=\"927\" \/>\n\t<meta property=\"og:image:height\" content=\"300\" \/>\n\t<meta property=\"og:image:type\" content=\"image\/png\" \/>\n<meta name=\"twitter:card\" content=\"summary_large_image\" \/>\n<meta name=\"twitter:site\" content=\"@Roularta\" \/>\n<meta name=\"twitter:label1\" content=\"Est. reading time\" \/>\n\t<meta name=\"twitter:data1\" content=\"9 minutes\" \/>\n<script type=\"application\/ld+json\" class=\"yoast-schema-graph\">{\"@context\":\"https:\/\/schema.org\",\"@graph\":[{\"@type\":\"Organization\",\"@id\":\"https:\/\/www.roulartaprinting.be\/#organization\",\"name\":\"Roularta Printing\",\"url\":\"https:\/\/www.roulartaprinting.be\/\",\"sameAs\":[\"https:\/\/www.instagram.com\/roularta_media_group\/\",\"https:\/\/nl.linkedin.com\/company\/roularta-media-group\",\"https:\/\/www.youtube.com\/channel\/UCzqRNaiQagJK0DNzQW3cd7g\",\"https:\/\/www.facebook.com\/RoulartaMediaGroupNV\",\"https:\/\/twitter.com\/Roularta\"],\"logo\":{\"@type\":\"ImageObject\",\"inLanguage\":\"fr-FR\",\"@id\":\"https:\/\/www.roulartaprinting.be\/#\/schema\/logo\/image\/\",\"url\":\"https:\/\/www.roulartaprinting.be\/wp-content\/uploads\/printing-nav-logo.png\",\"contentUrl\":\"https:\/\/www.roulartaprinting.be\/wp-content\/uploads\/printing-nav-logo.png\",\"width\":927,\"height\":300,\"caption\":\"Roularta Printing\"},\"image\":{\"@id\":\"https:\/\/www.roulartaprinting.be\/#\/schema\/logo\/image\/\"}},{\"@type\":\"WebSite\",\"@id\":\"https:\/\/www.roulartaprinting.be\/#website\",\"url\":\"https:\/\/www.roulartaprinting.be\/\",\"name\":\"Roularta Printing\",\"description\":\"\",\"publisher\":{\"@id\":\"https:\/\/www.roulartaprinting.be\/#organization\"},\"potentialAction\":[{\"@type\":\"SearchAction\",\"target\":{\"@type\":\"EntryPoint\",\"urlTemplate\":\"https:\/\/www.roulartaprinting.be\/?s={search_term_string}\"},\"query-input\":\"required name=search_term_string\"}],\"inLanguage\":\"fr-FR\"},{\"@type\":\"WebPage\",\"@id\":\"https:\/\/www.roulartaprinting.be\/fr\/avertissement\/\",\"url\":\"https:\/\/www.roulartaprinting.be\/fr\/avertissement\/\",\"name\":\"Avertissement - Roularta Printing\",\"isPartOf\":{\"@id\":\"https:\/\/www.roulartaprinting.be\/#website\"},\"datePublished\":\"2021-10-13T07:22:27+00:00\",\"dateModified\":\"2022-04-22T12:41:11+00:00\",\"breadcrumb\":{\"@id\":\"https:\/\/www.roulartaprinting.be\/fr\/avertissement\/#breadcrumb\"},\"inLanguage\":\"fr-FR\",\"potentialAction\":[{\"@type\":\"ReadAction\",\"target\":[\"https:\/\/www.roulartaprinting.be\/fr\/avertissement\/\"]}]},{\"@type\":\"BreadcrumbList\",\"@id\":\"https:\/\/www.roulartaprinting.be\/fr\/avertissement\/#breadcrumb\",\"itemListElement\":[{\"@type\":\"ListItem\",\"position\":1,\"name\":\"Home\",\"item\":\"https:\/\/www.roulartaprinting.be\/fr\/\"},{\"@type\":\"ListItem\",\"position\":2,\"name\":\"Avertissement\"}]}]}<\/script>\n<!-- \/ Yoast SEO plugin. -->","yoast_head_json":{"title":"Avertissement - Roularta Printing","robots":{"index":"index","follow":"follow","max-snippet":"max-snippet:-1","max-image-preview":"max-image-preview:large","max-video-preview":"max-video-preview:-1"},"canonical":"https:\/\/www.roulartaprinting.be\/fr\/avertissement\/","og_locale":"fr_FR","og_type":"article","og_title":"Avertissement - Roularta Printing","og_description":"Le r\u00e8glement suivant s'applique \u00e0 toutes les initiatives Internet de Roularta Media Group S.A. (si\u00e8ge social Meiboomlaan 33, 8800 Roeselare et num\u00e9ro d\u2019entreprise 0434.278.896) et de ses filiales, ci-apr\u00e8s conjointement nomm\u00e9es \"notre soci\u00e9t\u00e9\". Tout utilisateur est suppos\u00e9 avoir pris connaissance, avoir compris, accepter implicitement les conditions suivantes et s'y soumettre. Il consent \u00e9galement au traitement. [&hellip;]","og_url":"https:\/\/www.roulartaprinting.be\/fr\/avertissement\/","og_site_name":"Roularta Printing","article_publisher":"https:\/\/www.facebook.com\/RoulartaMediaGroupNV","article_modified_time":"2022-04-22T12:41:11+00:00","og_image":[{"width":927,"height":300,"url":"https:\/\/www.roulartaprinting.be\/wp-content\/uploads\/printing-nav-logo.png","type":"image\/png"}],"twitter_card":"summary_large_image","twitter_site":"@Roularta","twitter_misc":{"Est. reading time":"9 minutes"},"schema":{"@context":"https:\/\/schema.org","@graph":[{"@type":"Organization","@id":"https:\/\/www.roulartaprinting.be\/#organization","name":"Roularta Printing","url":"https:\/\/www.roulartaprinting.be\/","sameAs":["https:\/\/www.instagram.com\/roularta_media_group\/","https:\/\/nl.linkedin.com\/company\/roularta-media-group","https:\/\/www.youtube.com\/channel\/UCzqRNaiQagJK0DNzQW3cd7g","https:\/\/www.facebook.com\/RoulartaMediaGroupNV","https:\/\/twitter.com\/Roularta"],"logo":{"@type":"ImageObject","inLanguage":"fr-FR","@id":"https:\/\/www.roulartaprinting.be\/#\/schema\/logo\/image\/","url":"https:\/\/www.roulartaprinting.be\/wp-content\/uploads\/printing-nav-logo.png","contentUrl":"https:\/\/www.roulartaprinting.be\/wp-content\/uploads\/printing-nav-logo.png","width":927,"height":300,"caption":"Roularta Printing"},"image":{"@id":"https:\/\/www.roulartaprinting.be\/#\/schema\/logo\/image\/"}},{"@type":"WebSite","@id":"https:\/\/www.roulartaprinting.be\/#website","url":"https:\/\/www.roulartaprinting.be\/","name":"Roularta Printing","description":"","publisher":{"@id":"https:\/\/www.roulartaprinting.be\/#organization"},"potentialAction":[{"@type":"SearchAction","target":{"@type":"EntryPoint","urlTemplate":"https:\/\/www.roulartaprinting.be\/?s={search_term_string}"},"query-input":"required name=search_term_string"}],"inLanguage":"fr-FR"},{"@type":"WebPage","@id":"https:\/\/www.roulartaprinting.be\/fr\/avertissement\/","url":"https:\/\/www.roulartaprinting.be\/fr\/avertissement\/","name":"Avertissement - Roularta Printing","isPartOf":{"@id":"https:\/\/www.roulartaprinting.be\/#website"},"datePublished":"2021-10-13T07:22:27+00:00","dateModified":"2022-04-22T12:41:11+00:00","breadcrumb":{"@id":"https:\/\/www.roulartaprinting.be\/fr\/avertissement\/#breadcrumb"},"inLanguage":"fr-FR","potentialAction":[{"@type":"ReadAction","target":["https:\/\/www.roulartaprinting.be\/fr\/avertissement\/"]}]},{"@type":"BreadcrumbList","@id":"https:\/\/www.roulartaprinting.be\/fr\/avertissement\/#breadcrumb","itemListElement":[{"@type":"ListItem","position":1,"name":"Home","item":"https:\/\/www.roulartaprinting.be\/fr\/"},{"@type":"ListItem","position":2,"name":"Avertissement"}]}]}},"_links":{"self":[{"href":"https:\/\/www.roulartaprinting.be\/fr\/wp-json\/wp\/v2\/pages\/7306"}],"collection":[{"href":"https:\/\/www.roulartaprinting.be\/fr\/wp-json\/wp\/v2\/pages"}],"about":[{"href":"https:\/\/www.roulartaprinting.be\/fr\/wp-json\/wp\/v2\/types\/page"}],"author":[{"embeddable":true,"href":"https:\/\/www.roulartaprinting.be\/fr\/wp-json\/wp\/v2\/users\/3"}],"replies":[{"embeddable":true,"href":"https:\/\/www.roulartaprinting.be\/fr\/wp-json\/wp\/v2\/comments?post=7306"}],"version-history":[{"count":0,"href":"https:\/\/www.roulartaprinting.be\/fr\/wp-json\/wp\/v2\/pages\/7306\/revisions"}],"wp:attachment":[{"href":"https:\/\/www.roulartaprinting.be\/fr\/wp-json\/wp\/v2\/media?parent=7306"}],"curies":[{"name":"wp","href":"https:\/\/api.w.org\/{rel}","templated":true}]}}