{"id":7309,"date":"2021-10-13T07:24:18","date_gmt":"2021-10-13T07:24:18","guid":{"rendered":"https:\/\/www.roulartaprinting.be\/drukwerk\/"},"modified":"2025-08-04T15:37:27","modified_gmt":"2025-08-04T13:37:27","slug":"impression-2","status":"publish","type":"page","link":"https:\/\/www.roulartaprinting.be\/fr\/impression-2\/","title":{"rendered":"Drukwerk"},"content":{"rendered":"<p>[et_pb_section bb_built=&#8221;1&#8243; custom_padding_last_edited=&#8221;on|desktop&#8221; _builder_version=&#8221;4.10.8&#8243; _module_preset=&#8221;default&#8221; background_color=&#8221;#f6f6f6&#8243; custom_css_main_element=&#8221;padding-bottom: 100px!important; &#8221; border_color_top=&#8221;#3c3c3c&#8221; global_colors_info=&#8221;{}&#8221; custom_css_main_element_last_edited=&#8221;on|phone&#8221; custom_css_main_element_tablet=&#8221;padding-bottom: 60px!important; &#8221; custom_css_main_element_phone=&#8221;padding-bottom: 40px!important; &#8221; next_background_color=&#8221;#FFFFFF&#8221;][et_pb_row column_structure=&#8221;2_5,3_5&#8243; _builder_version=&#8221;4.10.8&#8243; _module_preset=&#8221;default&#8221; custom_padding=&#8221;0px||0px|||&#8221; global_colors_info=&#8221;{}&#8221;][et_pb_column type=&#8221;2_5&#8243; _builder_version=&#8221;4.9.10&#8243; _module_preset=&#8221;default&#8221; global_colors_info=&#8221;{}&#8221;][et_pb_text _builder_version=&#8221;4.10.8&#8243; _module_preset=&#8221;default&#8221; custom_margin=&#8221;||15px||false|false&#8221; custom_margin_tablet=&#8221;||0px||false|false&#8221; custom_margin_last_edited=&#8221;on|desktop&#8221; global_colors_info=&#8221;{}&#8221;]<\/p>\n<h2>Impression<\/h2>\n<p>[\/et_pb_text][et_pb_text _builder_version=&#8221;4.14.4&#8243; _module_preset=&#8221;default&#8221; text_font=&#8221;basier|300|||||||&#8221; text_text_color=&#8221;#3c3c3c&#8221; text_font_size=&#8221;15px&#8221; text_line_height=&#8221;24px&#8221; custom_margin=&#8221;||0px||false|false&#8221; custom_margin_tablet=&#8221;||40px||false|false&#8221; custom_margin_phone=&#8221;||20px|0px|false|false&#8221; custom_margin_last_edited=&#8221;off|desktop&#8221; animation_style=&#8221;slide&#8221; animation_direction=&#8221;left&#8221; animation_duration=&#8221;800ms&#8221; animation_delay=&#8221;400ms&#8221; animation_intensity_slide=&#8221;25%&#8221; animation_speed_curve=&#8221;ease-out&#8221; global_colors_info=&#8221;{}&#8221;]<\/p>\n<p><strong>L&#8217;impression est notre activit\u00e9 principale. Et nous en sommes tr\u00e8s fiers. Avec une grande capacit\u00e9 de pas moins de 6 presses d&#8217;impression rotatives avec s\u00e9cheur et des vitesses d&#8217;impression de plus de 60 000 rotations par heure, Roularta Printing est pr\u00eate pour des tirages allant jusqu&#8217;\u00e0 2 millions d&#8217;unit\u00e9s. <\/strong><\/p>\n<p>Toutes nos presses d&#8217;impression sont \u00e9galement \u00e9quip\u00e9es de fours de s\u00e9chage, ce qui nous permet de limiter l&#8217;engraissement des points avec un \u00e9cran ultra-mince. Votre avantage ? Des couleurs dynamiques et une qualit\u00e9 d&#8217;impression sans pr\u00e9c\u00e9dents pour tous vos besoins d&#8217;impression commerciale.<\/p>\n<p>[\/et_pb_text][\/et_pb_column][et_pb_column type=&#8221;3_5&#8243; _builder_version=&#8221;4.9.10&#8243; _module_preset=&#8221;default&#8221; global_colors_info=&#8221;{}&#8221;][et_pb_code _builder_version=&#8221;4.14.9&#8243; _module_preset=&#8221;default&#8221; global_colors_info=&#8221;{}&#8221; box_shadow_horizontal_tablet=&#8221;0px&#8221; box_shadow_vertical_tablet=&#8221;0px&#8221; box_shadow_blur_tablet=&#8221;40px&#8221; box_shadow_spread_tablet=&#8221;0px&#8221; vertical_offset_tablet=&#8221;0&#8243; horizontal_offset_tablet=&#8221;0&#8243; z_index_tablet=&#8221;0&#8243;]<\/p>\n<div class=\"videoWrapper\"><!-- [et_pb_line_break_holder] -->  <!-- Copy & Pasted from YouTube --><!-- [et_pb_line_break_holder] -->  <iframe src=\"https:\/\/rmgvideo.bbvms.com\/p\/rmg_corporate\/c\/6289856.html?inheritDimensions=true&#038;placementOption=default\" frameborder=\"0\" style=\"border: 0\" allow=\"autoplay; fullscreen\" allowfullscreen><\/iframe><!-- [et_pb_line_break_holder] --><\/div>\n<p>[\/et_pb_code][\/et_pb_column][\/et_pb_row][\/et_pb_section][et_pb_section bb_built=&#8221;1&#8243; _builder_version=&#8221;4.10.8&#8243; _module_preset=&#8221;default&#8221; background_color=&#8221;#FFFFFF&#8221; custom_css_main_element=&#8221;padding-bottom: 100px!important; &#8221; border_color_top=&#8221;#3c3c3c&#8221; global_colors_info=&#8221;{}&#8221; custom_css_main_element_last_edited=&#8221;on|phone&#8221; custom_css_main_element_tablet=&#8221;padding-bottom: 60px!important; &#8221; custom_css_main_element_phone=&#8221;padding-bottom: 40px!important; &#8221; prev_background_color=&#8221;#f6f6f6&#8243;][et_pb_row column_structure=&#8221;2_5,3_5&#8243; module_class=&#8221;reverse-row annick&#8221; _builder_version=&#8221;4.10.8&#8243; _module_preset=&#8221;default&#8221; custom_padding=&#8221;0px||0px|||&#8221; global_colors_info=&#8221;{}&#8221; custom_css_main_element_last_edited=&#8221;off|tablet&#8221;][et_pb_column type=&#8221;2_5&#8243; _builder_version=&#8221;4.9.10&#8243; _module_preset=&#8221;default&#8221; global_colors_info=&#8221;{}&#8221;][et_pb_image src=&#8221;https:\/\/www.roulartaprinting.be\/wp-content\/uploads\/Roelant_Mireille_1-scaled.jpg&#8221; title_text=&#8221;Roelant_Mireille_1&#8243; _builder_version=&#8221;4.14.4&#8243; _module_preset=&#8221;default&#8221; global_colors_info=&#8221;{}&#8221;]<\/p>\n<p><\/p>\n<p>[\/et_pb_image][\/et_pb_column][et_pb_column type=&#8221;3_5&#8243; _builder_version=&#8221;4.9.10&#8243; _module_preset=&#8221;default&#8221; global_colors_info=&#8221;{}&#8221;][et_pb_text _builder_version=&#8221;4.10.8&#8243; _module_preset=&#8221;default&#8221; text_font=&#8221;IBM Plex Sans|300||on|||||&#8221; text_text_color=&#8221;#520c20&#8243; text_letter_spacing=&#8221;-1px&#8221; text_line_height=&#8221;110%&#8221; position_origin_a=&#8221;center_left&#8221; position_origin_r=&#8221;bottom_right&#8221; horizontal_offset=&#8221;60px&#8221; z_index=&#8221;500&#8243; position_origin_a_last_edited=&#8221;off|desktop&#8221; position_origin_f_last_edited=&#8221;off|desktop&#8221; position_origin_r_last_edited=&#8221;off|desktop&#8221; width=&#8221;100%&#8221; custom_margin=&#8221;||60px||false|false&#8221; custom_margin_tablet=&#8221;||40px||false|false&#8221; custom_margin_phone=&#8221;||15px||false|false&#8221; custom_margin_last_edited=&#8221;on|phone&#8221; scroll_vertical_motion=&#8221;0|50|50|100|1|0|-1&#8243; text_font_size_phone=&#8221;24px&#8221; header_2_font_size_last_edited=&#8221;off|desktop&#8221; positioning_tablet=&#8221;none&#8221; positioning_last_edited=&#8221;off|desktop&#8221; sticky_position_last_edited=&#8221;off|desktop&#8221; scroll_vertical_motion_tablet=&#8221;0|50|50|100|0|0|0&#8243; scroll_vertical_motion_last_edited=&#8221;on|phone&#8221; global_colors_info=&#8221;{}&#8221;]<\/p>\n<h2>Nous sommes heureux de vous aider<\/h2>\n<p>[\/et_pb_text][et_pb_text _builder_version=&#8221;4.10.8&#8243; _module_preset=&#8221;default&#8221; text_font=&#8221;basier|300|||||||&#8221; text_text_color=&#8221;#3c3c3c&#8221; text_font_size=&#8221;15px&#8221; text_line_height=&#8221;24px&#8221; custom_margin=&#8221;||30px||false|false&#8221; custom_margin_tablet=&#8221;||40px||false|false&#8221; custom_margin_phone=&#8221;||20px|0px|false|false&#8221; custom_margin_last_edited=&#8221;on|phone&#8221; animation_style=&#8221;slide&#8221; animation_direction=&#8221;left&#8221; animation_duration=&#8221;800ms&#8221; animation_delay=&#8221;400ms&#8221; animation_intensity_slide=&#8221;25%&#8221; animation_speed_curve=&#8221;ease-out&#8221; global_colors_info=&#8221;{}&#8221;]<\/p>\n<p>Projet concret dans les tuyaux ou curieux des possibilit\u00e9s ? L&#8217;\u00e9quipe Roularta Printing est \u00e0 votre service. N&#8217;h\u00e9sitez pas \u00e0 nous contacter. Nous sommes heureux de vous aider.<\/p>\n<p>[\/et_pb_text][et_pb_button button_url=&#8221;@ET-DC@eyJkeW5hbWljIjp0cnVlLCJjb250ZW50IjoicG9zdF9saW5rX3VybF9wYWdlIiwic2V0dGluZ3MiOnsicG9zdF9pZCI6IjMyMSJ9fQ==@&#8221; button_text=&#8221;Nous contacter&#8221; _builder_version=&#8221;4.14.4&#8243; _dynamic_attributes=&#8221;button_url&#8221; _module_preset=&#8221;default&#8221; custom_button=&#8221;on&#8221; button_text_size=&#8221;18px&#8221; button_text_color=&#8221;#FFFFFF&#8221; button_bg_color=&#8221;#E02B20&#8243; button_border_color=&#8221;#E02B20&#8243; button_border_radius=&#8221;100px&#8221; button_font=&#8221;IBM Plex Sans|500||on|||||&#8221; button_use_icon=&#8221;off&#8221; custom_margin_tablet=&#8221;|||0px|false|false&#8221; custom_margin_last_edited=&#8221;off|desktop&#8221; custom_padding=&#8221;10px|20px|10px|20px|true|true&#8221; custom_padding_phone=&#8221;8px|16px|8px|16px|true|true&#8221; custom_padding_last_edited=&#8221;on|phone&#8221; animation_style=&#8221;slide&#8221; animation_direction=&#8221;bottom&#8221; animation_duration=&#8221;500ms&#8221; animation_delay=&#8221;200ms&#8221; animation_intensity_slide=&#8221;20%&#8221; animation_speed_curve=&#8221;ease-out&#8221; button_text_size_phone=&#8221;14px&#8221; button_text_size_last_edited=&#8221;on|phone&#8221; global_colors_info=&#8221;{}&#8221; button_text_color__hover_enabled=&#8221;off|hover&#8221; button_text_color__hover=&#8221;#E02B20&#8243; button_bg_color__hover_enabled=&#8221;on|hover&#8221; button_bg_color__hover=&#8221;#520c20&#8243; button_bg_enable_color__hover=&#8221;on&#8221; button_border_color__hover_enabled=&#8221;on|hover&#8221; button_border_color__hover=&#8221;#520c20&#8243;]<\/p>\n<p><\/p>\n<p>[\/et_pb_button][\/et_pb_column][\/et_pb_row][\/et_pb_section]<\/p>\n","protected":false},"excerpt":{"rendered":"<p>Impression L&#8217;impression est notre activit\u00e9 principale. Et nous en sommes tr\u00e8s fiers. Avec une grande capacit\u00e9 de pas moins de 6 presses d&#8217;impression rotatives avec s\u00e9cheur et des vitesses d&#8217;impression de plus de 60 000 rotations par heure, Roularta Printing est pr\u00eate pour des tirages allant jusqu&#8217;\u00e0 2 millions d&#8217;unit\u00e9s. Toutes nos presses d&#8217;impression sont [&hellip;]<\/p>\n","protected":false},"author":3,"featured_media":0,"parent":0,"menu_order":67,"comment_status":"closed","ping_status":"closed","template":"","meta":{"_et_pb_use_builder":"on","_et_pb_old_content":"","_et_gb_content_width":""},"yoast_head":"<!-- This site is optimized with the Yoast SEO plugin v19.3 - https:\/\/yoast.com\/wordpress\/plugins\/seo\/ -->\n<title>Drukwerk - Roularta Printing<\/title>\n<meta name=\"robots\" content=\"index, follow, max-snippet:-1, max-image-preview:large, max-video-preview:-1\" \/>\n<link rel=\"canonical\" href=\"https:\/\/www.roulartaprinting.be\/fr\/impression-2\/\" \/>\n<meta property=\"og:locale\" content=\"fr_FR\" \/>\n<meta property=\"og:type\" content=\"article\" \/>\n<meta property=\"og:title\" content=\"Drukwerk - Roularta Printing\" \/>\n<meta property=\"og:description\" content=\"Impression L&#039;impression est notre activit\u00e9 principale. Et nous en sommes tr\u00e8s fiers. Avec une grande capacit\u00e9 de pas moins de 6 presses d&#039;impression rotatives avec s\u00e9cheur et des vitesses d&#039;impression de plus de 60 000 rotations par heure, Roularta Printing est pr\u00eate pour des tirages allant jusqu&#039;\u00e0 2 millions d&#039;unit\u00e9s. Toutes nos presses d&#039;impression sont [&hellip;]\" \/>\n<meta property=\"og:url\" content=\"https:\/\/www.roulartaprinting.be\/fr\/impression-2\/\" \/>\n<meta property=\"og:site_name\" content=\"Roularta Printing\" \/>\n<meta property=\"article:publisher\" content=\"https:\/\/www.facebook.com\/RoulartaMediaGroupNV\" \/>\n<meta property=\"article:modified_time\" content=\"2025-08-04T13:37:27+00:00\" \/>\n<meta property=\"og:image\" content=\"https:\/\/www.roulartaprinting.be\/wp-content\/uploads\/printing-nav-logo.png\" \/>\n\t<meta property=\"og:image:width\" content=\"927\" \/>\n\t<meta property=\"og:image:height\" content=\"300\" \/>\n\t<meta property=\"og:image:type\" content=\"image\/png\" \/>\n<meta name=\"twitter:card\" content=\"summary_large_image\" \/>\n<meta name=\"twitter:site\" content=\"@Roularta\" \/>\n<meta name=\"twitter:label1\" content=\"Est. reading time\" \/>\n\t<meta name=\"twitter:data1\" content=\"2 minutes\" \/>\n<script type=\"application\/ld+json\" class=\"yoast-schema-graph\">{\"@context\":\"https:\/\/schema.org\",\"@graph\":[{\"@type\":\"Organization\",\"@id\":\"https:\/\/www.roulartaprinting.be\/#organization\",\"name\":\"Roularta Printing\",\"url\":\"https:\/\/www.roulartaprinting.be\/\",\"sameAs\":[\"https:\/\/www.instagram.com\/roularta_media_group\/\",\"https:\/\/nl.linkedin.com\/company\/roularta-media-group\",\"https:\/\/www.youtube.com\/channel\/UCzqRNaiQagJK0DNzQW3cd7g\",\"https:\/\/www.facebook.com\/RoulartaMediaGroupNV\",\"https:\/\/twitter.com\/Roularta\"],\"logo\":{\"@type\":\"ImageObject\",\"inLanguage\":\"fr-FR\",\"@id\":\"https:\/\/www.roulartaprinting.be\/#\/schema\/logo\/image\/\",\"url\":\"https:\/\/www.roulartaprinting.be\/wp-content\/uploads\/printing-nav-logo.png\",\"contentUrl\":\"https:\/\/www.roulartaprinting.be\/wp-content\/uploads\/printing-nav-logo.png\",\"width\":927,\"height\":300,\"caption\":\"Roularta Printing\"},\"image\":{\"@id\":\"https:\/\/www.roulartaprinting.be\/#\/schema\/logo\/image\/\"}},{\"@type\":\"WebSite\",\"@id\":\"https:\/\/www.roulartaprinting.be\/#website\",\"url\":\"https:\/\/www.roulartaprinting.be\/\",\"name\":\"Roularta Printing\",\"description\":\"\",\"publisher\":{\"@id\":\"https:\/\/www.roulartaprinting.be\/#organization\"},\"potentialAction\":[{\"@type\":\"SearchAction\",\"target\":{\"@type\":\"EntryPoint\",\"urlTemplate\":\"https:\/\/www.roulartaprinting.be\/?s={search_term_string}\"},\"query-input\":\"required name=search_term_string\"}],\"inLanguage\":\"fr-FR\"},{\"@type\":\"WebPage\",\"@id\":\"https:\/\/www.roulartaprinting.be\/fr\/impression-2\/\",\"url\":\"https:\/\/www.roulartaprinting.be\/fr\/impression-2\/\",\"name\":\"Drukwerk - Roularta Printing\",\"isPartOf\":{\"@id\":\"https:\/\/www.roulartaprinting.be\/#website\"},\"datePublished\":\"2021-10-13T07:24:18+00:00\",\"dateModified\":\"2025-08-04T13:37:27+00:00\",\"breadcrumb\":{\"@id\":\"https:\/\/www.roulartaprinting.be\/fr\/impression-2\/#breadcrumb\"},\"inLanguage\":\"fr-FR\",\"potentialAction\":[{\"@type\":\"ReadAction\",\"target\":[\"https:\/\/www.roulartaprinting.be\/fr\/impression-2\/\"]}]},{\"@type\":\"BreadcrumbList\",\"@id\":\"https:\/\/www.roulartaprinting.be\/fr\/impression-2\/#breadcrumb\",\"itemListElement\":[{\"@type\":\"ListItem\",\"position\":1,\"name\":\"Home\",\"item\":\"https:\/\/www.roulartaprinting.be\/fr\/\"},{\"@type\":\"ListItem\",\"position\":2,\"name\":\"Drukwerk\"}]}]}<\/script>\n<!-- \/ Yoast SEO plugin. -->","yoast_head_json":{"title":"Drukwerk - Roularta Printing","robots":{"index":"index","follow":"follow","max-snippet":"max-snippet:-1","max-image-preview":"max-image-preview:large","max-video-preview":"max-video-preview:-1"},"canonical":"https:\/\/www.roulartaprinting.be\/fr\/impression-2\/","og_locale":"fr_FR","og_type":"article","og_title":"Drukwerk - Roularta Printing","og_description":"Impression L'impression est notre activit\u00e9 principale. Et nous en sommes tr\u00e8s fiers. Avec une grande capacit\u00e9 de pas moins de 6 presses d'impression rotatives avec s\u00e9cheur et des vitesses d'impression de plus de 60 000 rotations par heure, Roularta Printing est pr\u00eate pour des tirages allant jusqu'\u00e0 2 millions d'unit\u00e9s. Toutes nos presses d'impression sont [&hellip;]","og_url":"https:\/\/www.roulartaprinting.be\/fr\/impression-2\/","og_site_name":"Roularta Printing","article_publisher":"https:\/\/www.facebook.com\/RoulartaMediaGroupNV","article_modified_time":"2025-08-04T13:37:27+00:00","og_image":[{"width":927,"height":300,"url":"https:\/\/www.roulartaprinting.be\/wp-content\/uploads\/printing-nav-logo.png","type":"image\/png"}],"twitter_card":"summary_large_image","twitter_site":"@Roularta","twitter_misc":{"Est. reading time":"2 minutes"},"schema":{"@context":"https:\/\/schema.org","@graph":[{"@type":"Organization","@id":"https:\/\/www.roulartaprinting.be\/#organization","name":"Roularta Printing","url":"https:\/\/www.roulartaprinting.be\/","sameAs":["https:\/\/www.instagram.com\/roularta_media_group\/","https:\/\/nl.linkedin.com\/company\/roularta-media-group","https:\/\/www.youtube.com\/channel\/UCzqRNaiQagJK0DNzQW3cd7g","https:\/\/www.facebook.com\/RoulartaMediaGroupNV","https:\/\/twitter.com\/Roularta"],"logo":{"@type":"ImageObject","inLanguage":"fr-FR","@id":"https:\/\/www.roulartaprinting.be\/#\/schema\/logo\/image\/","url":"https:\/\/www.roulartaprinting.be\/wp-content\/uploads\/printing-nav-logo.png","contentUrl":"https:\/\/www.roulartaprinting.be\/wp-content\/uploads\/printing-nav-logo.png","width":927,"height":300,"caption":"Roularta Printing"},"image":{"@id":"https:\/\/www.roulartaprinting.be\/#\/schema\/logo\/image\/"}},{"@type":"WebSite","@id":"https:\/\/www.roulartaprinting.be\/#website","url":"https:\/\/www.roulartaprinting.be\/","name":"Roularta Printing","description":"","publisher":{"@id":"https:\/\/www.roulartaprinting.be\/#organization"},"potentialAction":[{"@type":"SearchAction","target":{"@type":"EntryPoint","urlTemplate":"https:\/\/www.roulartaprinting.be\/?s={search_term_string}"},"query-input":"required name=search_term_string"}],"inLanguage":"fr-FR"},{"@type":"WebPage","@id":"https:\/\/www.roulartaprinting.be\/fr\/impression-2\/","url":"https:\/\/www.roulartaprinting.be\/fr\/impression-2\/","name":"Drukwerk - Roularta Printing","isPartOf":{"@id":"https:\/\/www.roulartaprinting.be\/#website"},"datePublished":"2021-10-13T07:24:18+00:00","dateModified":"2025-08-04T13:37:27+00:00","breadcrumb":{"@id":"https:\/\/www.roulartaprinting.be\/fr\/impression-2\/#breadcrumb"},"inLanguage":"fr-FR","potentialAction":[{"@type":"ReadAction","target":["https:\/\/www.roulartaprinting.be\/fr\/impression-2\/"]}]},{"@type":"BreadcrumbList","@id":"https:\/\/www.roulartaprinting.be\/fr\/impression-2\/#breadcrumb","itemListElement":[{"@type":"ListItem","position":1,"name":"Home","item":"https:\/\/www.roulartaprinting.be\/fr\/"},{"@type":"ListItem","position":2,"name":"Drukwerk"}]}]}},"_links":{"self":[{"href":"https:\/\/www.roulartaprinting.be\/fr\/wp-json\/wp\/v2\/pages\/7309"}],"collection":[{"href":"https:\/\/www.roulartaprinting.be\/fr\/wp-json\/wp\/v2\/pages"}],"about":[{"href":"https:\/\/www.roulartaprinting.be\/fr\/wp-json\/wp\/v2\/types\/page"}],"author":[{"embeddable":true,"href":"https:\/\/www.roulartaprinting.be\/fr\/wp-json\/wp\/v2\/users\/3"}],"replies":[{"embeddable":true,"href":"https:\/\/www.roulartaprinting.be\/fr\/wp-json\/wp\/v2\/comments?post=7309"}],"version-history":[{"count":2,"href":"https:\/\/www.roulartaprinting.be\/fr\/wp-json\/wp\/v2\/pages\/7309\/revisions"}],"predecessor-version":[{"id":11034,"href":"https:\/\/www.roulartaprinting.be\/fr\/wp-json\/wp\/v2\/pages\/7309\/revisions\/11034"}],"wp:attachment":[{"href":"https:\/\/www.roulartaprinting.be\/fr\/wp-json\/wp\/v2\/media?parent=7309"}],"curies":[{"name":"wp","href":"https:\/\/api.w.org\/{rel}","templated":true}]}}