{"id":7315,"date":"2021-10-13T07:28:31","date_gmt":"2021-10-13T07:28:31","guid":{"rendered":"https:\/\/www.roulartaprinting.be\/historiek-toolset\/"},"modified":"2022-04-22T13:40:29","modified_gmt":"2022-04-22T12:40:29","slug":"histoire","status":"publish","type":"page","link":"https:\/\/www.roulartaprinting.be\/fr\/histoire\/","title":{"rendered":"l&#8217;histoire"},"content":{"rendered":"<p>[et_pb_section fb_built=&#8221;1&#8243; custom_padding_last_edited=&#8221;on|desktop&#8221; _builder_version=&#8221;4.11.2&#8243; _module_preset=&#8221;default&#8221; background_color=&#8221;#f6f6f6&#8243; custom_padding_tablet=&#8221;&#8221; custom_padding_phone=&#8221;&#8221; border_color_top=&#8221;#3c3c3c&#8221; global_colors_info=&#8221;{}&#8221; custom_css_main_element_last_edited=&#8221;on|phone&#8221; custom_css_main_element_tablet=&#8221;padding-bottom: 60px!important; &#8221; custom_css_main_element_phone=&#8221;padding-bottom: 40px!important; &#8220;][et_pb_row _builder_version=&#8221;4.9.10&#8243; _module_preset=&#8221;default&#8221; custom_padding=&#8221;0px|||||&#8221; global_colors_info=&#8221;{}&#8221;][et_pb_column type=&#8221;4_4&#8243; _builder_version=&#8221;4.9.10&#8243; _module_preset=&#8221;default&#8221; global_colors_info=&#8221;{}&#8221;][et_pb_text _builder_version=&#8221;4.11.2&#8243; _module_preset=&#8221;default&#8221; custom_margin=&#8221;||15px||false|false&#8221; custom_margin_tablet=&#8221;||0px||false|false&#8221; custom_margin_phone=&#8221;&#8221; custom_margin_last_edited=&#8221;on|desktop&#8221; global_colors_info=&#8221;{}&#8221;]<\/p>\n<h2>Fiers de notre histoire<\/h2>\n<p>[\/et_pb_text][et_pb_text _builder_version=&#8221;4.11.2&#8243; _module_preset=&#8221;default&#8221; text_font=&#8221;basier|700|||||||&#8221; text_text_color=&#8221;#3c3c3c&#8221; text_font_size=&#8221;15px&#8221; text_line_height=&#8221;28px&#8221; custom_margin=&#8221;||10px||false|false&#8221; global_colors_info=&#8221;{}&#8221;]D&#8217;une entreprise d&#8217;impression traditionnelle \u00e0 une entreprise industrielle[\/et_pb_text][et_pb_text _builder_version=&#8221;4.14.4&#8243; _module_preset=&#8221;default&#8221; text_font=&#8221;basier|300|||||||&#8221; text_text_color=&#8221;#3c3c3c&#8221; text_font_size=&#8221;15px&#8221; text_line_height=&#8221;24px&#8221; max_width=&#8221;600px&#8221; global_colors_info=&#8221;{}&#8221;]Roularta Printing imprime des journaux et des magazines depuis 1954. Depuis lors, cette soci\u00e9t\u00e9 d&#8217;impression traditionnelle s&#8217;est d\u00e9velopp\u00e9e jusqu&#8217;\u00e0 devenir la plus grande et importante soci\u00e9t\u00e9 d&#8217;impression offset en Belgique. Voici quelques \u00e9tapes-cl\u00e9s.[\/et_pb_text][\/et_pb_column][\/et_pb_row][\/et_pb_section][et_pb_section fb_built=&#8221;1&#8243; custom_padding_last_edited=&#8221;off|desktop&#8221; _builder_version=&#8221;4.10.8&#8243; _module_preset=&#8221;default&#8221; custom_padding=&#8221;0px||0px||false|false&#8221; global_colors_info=&#8221;{}&#8221;][et_pb_row _builder_version=&#8221;4.10.8&#8243; _module_preset=&#8221;default&#8221; width=&#8221;100%&#8221; max_width=&#8221;none&#8221; custom_padding=&#8221;0px||0px||true|false&#8221; global_colors_info=&#8221;{}&#8221;][et_pb_column type=&#8221;4_4&#8243; _builder_version=&#8221;4.10.8&#8243; _module_preset=&#8221;default&#8221; global_colors_info=&#8221;{}&#8221;][et_pb_code _builder_version=&#8221;4.10.8&#8243; _module_preset=&#8221;default&#8221; global_colors_info=&#8221;{}&#8221;]\n\n\n<div id=\"wpv-view-layout-7002\" class=\"js-wpv-view-layout js-wpv-layout-responsive js-wpv-view-layout-7002\" data-viewnumber=\"7002\" data-pagination=\"{&quot;id&quot;:7002,&quot;query&quot;:&quot;normal&quot;,&quot;type&quot;:&quot;disabled&quot;,&quot;effect&quot;:&quot;fade&quot;,&quot;duration&quot;:&quot;500&quot;,&quot;speed&quot;:&quot;5&quot;,&quot;pause_on_hover&quot;:&quot;enabled&quot;,&quot;stop_rollover&quot;:&quot;false&quot;,&quot;cache_pages&quot;:&quot;enabled&quot;,&quot;preload_images&quot;:&quot;enabled&quot;,&quot;preload_pages&quot;:&quot;enabled&quot;,&quot;preload_reach&quot;:&quot;1&quot;,&quot;spinner&quot;:&quot;builtin&quot;,&quot;spinner_image&quot;:&quot;https:\/\/www.roulartaprinting.be\/wp-content\/plugins\/wp-views\/embedded\/res\/img\/ajax-loader.gif&quot;,&quot;callback_next&quot;:&quot;&quot;,&quot;manage_history&quot;:&quot;enabled&quot;,&quot;has_controls_in_form&quot;:&quot;disabled&quot;,&quot;infinite_tolerance&quot;:&quot;0&quot;,&quot;max_pages&quot;:0,&quot;page&quot;:1,&quot;base_permalink&quot;:&quot;\/fr\/wp-json\/wp\/v2\/pages\/7315?wpv_view_count=7002&amp;wpv_paged=WPV_PAGE_NUM&quot;,&quot;loop&quot;:{&quot;type&quot;:&quot;&quot;,&quot;name&quot;:&quot;&quot;,&quot;data&quot;:[],&quot;id&quot;:0}}\" data-permalink=\"\/fr\/wp-json\/wp\/v2\/pages\/7315?wpv_view_count=7002\">\n\n\t\n\t\n\t\n      \n      <div class=\"custom-wrap\">\n        <div class=\"custom-container pt-5 pb-5\">\n            <div class=\"row\">\n                <div class=\"col-md-12\"><div class=\"row justify-content-around\">\n<div class=\"col-lg-8 col-md-7 col-12 align-self-start\">\n \t<h3 class=\"historiek-title mb-4\">2005-2010<\/h3>\n\t<p class=\"historiek-subtitle\">L'ann\u00e9e 2006 a marqu\u00e9 un tournant pour Roularta Printing.<\/p>\n\t<p class=\"historiek-bodytekst\">En effet, c'est cette ann\u00e9e-l\u00e0 que le tout nouveau b\u00e2timent de l'entreprise fut construit. Le nouveau hall de production de 19 500 m\u00b2 abrite une nouvelle presse Colorman, avec une capacit\u00e9 unique de 64 pages grand format et pas moins de 128 pages en format tablo\u00efd. En outre, deux nouvelles presses d'impression de magazines ont \u00e9t\u00e9 install\u00e9es, ainsi que deux presses de 72 pages et une presse de 16 pages. Pour la finition, une assembleuse suppl\u00e9mentaire a fait son apparition.<\/p>\n<\/div>\n<div class=\"col-lg-4 col-md-5 col-12 align-self-start\">\n  <div class=\"row justify-content-end\">\n  \t<img src=\"https:\/\/rmg-be-corp-roulartapr-product-assets-b5b7b1d0.s3.eu-west-1.amazonaws.com\/wp-content\/uploads\/20221206162737\/MANROLAND_232-1.jpg\" class=\"float-right historiek-img\" alt=\"historiek-image\">\n  <\/div>\n<\/div>\n<\/div><\/div>\n            <\/div>\n        <\/div>\n      <\/div>\n      \n      \n      <div class=\"custom-wrap even\">\n        <div class=\"custom-container pt-5 pb-5\">\n            <div class=\"row\">\n                <div class=\"col-md-12\"><div class=\"row justify-content-around\">\n<div class=\"col-lg-8 col-md-7 col-12 align-self-start\">\n \t<h3 class=\"historiek-title mb-4\">2010-2015<\/h3>\n\t<p class=\"historiek-subtitle\">D'importants investissements ont \u00e9galement \u00e9t\u00e9 effectu\u00e9s en 2011.<\/p>\n\t<p class=\"historiek-bodytekst\">Deux anciennes presses de magazines ont ainsi \u00e9t\u00e9 mises hors service et remplac\u00e9es par une MAN Lithoman 72 flambant neuve. La nouvelle presse permet de r\u00e9duire consid\u00e9rablement la consommation d'\u00e9nergie et nous aide \u00e0 travailler plus rapidement et efficacement, avec de meilleurs rendements.<\/p>\n<\/div>\n<div class=\"col-lg-4 col-md-5 col-12 align-self-start\">\n  <div class=\"row justify-content-end\">\n  \t<img src=\"https:\/\/rmg-be-corp-roulartapr-product-assets-b5b7b1d0.s3.eu-west-1.amazonaws.com\/wp-content\/uploads\/20221207094325\/MANROLAND.jpg\" class=\"float-right historiek-img\" alt=\"historiek-image\">\n  <\/div>\n<\/div>\n<\/div><\/div>\n            <\/div>\n        <\/div>\n      <\/div>\n    \n      \n      <div class=\"custom-wrap\">\n        <div class=\"custom-container pt-5 pb-5\">\n            <div class=\"row\">\n                <div class=\"col-md-12\"><div class=\"row justify-content-around\">\n<div class=\"col-lg-8 col-md-7 col-12 align-self-start\">\n \t<h3 class=\"historiek-title mb-4\">2015-2020<\/h3>\n\t<p class=\"historiek-subtitle\">En 2019, Roularta Printing a \u00e0 nouveau investi dans une presse de magazines dernier cri MAN Lithoman IV 72.<\/p>\n\t<p class=\"historiek-bodytekst\">Synonyme de rendement nettement sup\u00e9rieur, d'\u00e9missions r\u00e9duites et d'une consommation d'\u00e9nergie sensiblement plus basse, la nouvelle Lithoman est parfaitement conforme \u00e0 notre vision de la durabilit\u00e9. Pour la finition, nous avons investi dans diff\u00e9rentes assembleuses et machines de conditionnement et dans une technologie permettant une finition de reliure irr\u00e9prochable pour les magazines.<\/p>\n<\/div>\n<div class=\"col-lg-4 col-md-5 col-12 align-self-start\">\n  <div class=\"row justify-content-end\">\n  \t<img src=\"https:\/\/rmg-be-corp-roulartapr-product-assets-b5b7b1d0.s3.eu-west-1.amazonaws.com\/wp-content\/uploads\/20221207094325\/MANROLAND.jpg\" class=\"float-right historiek-img\" alt=\"historiek-image\">\n  <\/div>\n<\/div>\n<\/div><\/div>\n            <\/div>\n        <\/div>\n      <\/div>\n      \n      \n      <div class=\"custom-wrap even\">\n        <div class=\"custom-container pt-5 pb-5\">\n            <div class=\"row\">\n                <div class=\"col-md-12\"><div class=\"row justify-content-around\">\n<div class=\"col-lg-8 col-md-7 col-12 align-self-start\">\n \t<h3 class=\"historiek-title mb-4\">2020-Aujourd&#8217;hui<\/h3>\n\t<p class=\"historiek-subtitle\">Regard sur l'avenir. <\/p>\n\t<p class=\"historiek-bodytekst\">Roularta Printing est le premier imprimeur du Benelux \u00e0 investir dans une installation d'emballage des impressions dans des enveloppes de papier durables plut\u00f4t que dans une pellicule en plastique nuisible \u00e0 l'environnement. Une nouvelle encarteuse-piqueuse permet d'accro\u00eetre encore la capacit\u00e9 de finition, et une grande attention est accord\u00e9e \u00e0 l'automatisation ult\u00e9rieure des op\u00e9rations d'emballage.<\/p>\n<\/div>\n<div class=\"col-lg-4 col-md-5 col-12 align-self-start\">\n  <div class=\"row justify-content-end\">\n  \t<img src=\"https:\/\/rmg-be-corp-roulartapr-product-assets-b5b7b1d0.s3.eu-west-1.amazonaws.com\/wp-content\/uploads\/20221207094432\/duurzaamheid-1-1.jpg\" class=\"float-right historiek-img\" alt=\"historiek-image\">\n  <\/div>\n<\/div>\n<\/div><\/div>\n            <\/div>\n        <\/div>\n      <\/div>\n    \n\t\n\t\n\t\n<\/div>[\/et_pb_code][\/et_pb_column][\/et_pb_row][\/et_pb_section]<\/p>\n","protected":false},"excerpt":{"rendered":"<p>Fiers de notre histoireD&#8217;une entreprise d&#8217;impression traditionnelle \u00e0 une entreprise industrielleRoularta Printing imprime des journaux et des magazines depuis 1954. Depuis lors, cette soci\u00e9t\u00e9 d&#8217;impression traditionnelle s&#8217;est d\u00e9velopp\u00e9e jusqu&#8217;\u00e0 devenir la plus grande et importante soci\u00e9t\u00e9 d&#8217;impression offset en Belgique. Voici quelques \u00e9tapes-cl\u00e9s.\n\n\n<div id=\"wpv-view-layout-7002\" class=\"js-wpv-view-layout js-wpv-layout-responsive js-wpv-view-layout-7002\" data-viewnumber=\"7002\" data-pagination=\"{&quot;id&quot;:7002,&quot;query&quot;:&quot;normal&quot;,&quot;type&quot;:&quot;disabled&quot;,&quot;effect&quot;:&quot;fade&quot;,&quot;duration&quot;:&quot;500&quot;,&quot;speed&quot;:&quot;5&quot;,&quot;pause_on_hover&quot;:&quot;enabled&quot;,&quot;stop_rollover&quot;:&quot;false&quot;,&quot;cache_pages&quot;:&quot;enabled&quot;,&quot;preload_images&quot;:&quot;enabled&quot;,&quot;preload_pages&quot;:&quot;enabled&quot;,&quot;preload_reach&quot;:&quot;1&quot;,&quot;spinner&quot;:&quot;builtin&quot;,&quot;spinner_image&quot;:&quot;https:\/\/www.roulartaprinting.be\/wp-content\/plugins\/wp-views\/embedded\/res\/img\/ajax-loader.gif&quot;,&quot;callback_next&quot;:&quot;&quot;,&quot;manage_history&quot;:&quot;enabled&quot;,&quot;has_controls_in_form&quot;:&quot;disabled&quot;,&quot;infinite_tolerance&quot;:&quot;0&quot;,&quot;max_pages&quot;:0,&quot;page&quot;:1,&quot;base_permalink&quot;:&quot;\/fr\/wp-json\/wp\/v2\/pages\/7315?wpv_view_count=7002&amp;wpv_paged=WPV_PAGE_NUM&quot;,&quot;loop&quot;:{&quot;type&quot;:&quot;&quot;,&quot;name&quot;:&quot;&quot;,&quot;data&quot;:[],&quot;id&quot;:0}}\" data-permalink=\"\/fr\/wp-json\/wp\/v2\/pages\/7315?wpv_view_count=7002\">\n\n\t\n\t\n\t\n      \n      <div class=\"custom-wrap\">\n        <div class=\"custom-container pt-5 pb-5\">\n            <div class=\"row\">\n                <div class=\"col-md-12\"><div class=\"row justify-content-around\">\n<div class=\"col-lg-8 col-md-7 col-12 align-self-start\">\n \t<h3 class=\"historiek-title mb-4\">2005-2010<\/h3>\n\t<p class=\"historiek-subtitle\">L'ann\u00e9e 2006 a marqu\u00e9 un tournant pour Roularta Printing.<\/p>\n\t<p class=\"historiek-bodytekst\">En effet, c'est cette ann\u00e9e-l\u00e0 que le tout nouveau b\u00e2timent de l'entreprise fut construit. Le nouveau hall de production de 19 500 m\u00b2 abrite une nouvelle presse Colorman, avec une capacit\u00e9 unique de 64 pages grand format et pas moins de 128 pages en format tablo\u00efd. En outre, deux nouvelles presses d'impression de magazines ont \u00e9t\u00e9 install\u00e9es, ainsi que deux presses de 72 pages et une presse de 16 pages. Pour la finition, une assembleuse suppl\u00e9mentaire a fait son apparition.<\/p>\n<\/div>\n<div class=\"col-lg-4 col-md-5 col-12 align-self-start\">\n  <div class=\"row justify-content-end\">\n  \t<img src=\"https:\/\/rmg-be-corp-roulartapr-product-assets-b5b7b1d0.s3.eu-west-1.amazonaws.com\/wp-content\/uploads\/20221206162737\/MANROLAND_232-1.jpg\" class=\"float-right historiek-img\" alt=\"historiek-image\">\n  <\/div>\n<\/div>\n<\/div><\/div>\n            <\/div>\n        <\/div>\n      <\/div>\n      \n      \n      <div class=\"custom-wrap even\">\n        <div class=\"custom-container pt-5 pb-5\">\n            <div class=\"row\">\n                <div class=\"col-md-12\"><div class=\"row justify-content-around\">\n<div class=\"col-lg-8 col-md-7 col-12 align-self-start\">\n \t<h3 class=\"historiek-title mb-4\">2010-2015<\/h3>\n\t<p class=\"historiek-subtitle\">D'importants investissements ont \u00e9galement \u00e9t\u00e9 effectu\u00e9s en 2011.<\/p>\n\t<p class=\"historiek-bodytekst\">Deux anciennes presses de magazines ont ainsi \u00e9t\u00e9 mises hors service et remplac\u00e9es par une MAN Lithoman 72 flambant neuve. La nouvelle presse permet de r\u00e9duire consid\u00e9rablement la consommation d'\u00e9nergie et nous aide \u00e0 travailler plus rapidement et efficacement, avec de meilleurs rendements.<\/p>\n<\/div>\n<div class=\"col-lg-4 col-md-5 col-12 align-self-start\">\n  <div class=\"row justify-content-end\">\n  \t<img src=\"https:\/\/rmg-be-corp-roulartapr-product-assets-b5b7b1d0.s3.eu-west-1.amazonaws.com\/wp-content\/uploads\/20221207094325\/MANROLAND.jpg\" class=\"float-right historiek-img\" alt=\"historiek-image\">\n  <\/div>\n<\/div>\n<\/div><\/div>\n            <\/div>\n        <\/div>\n      <\/div>\n    \n      \n      <div class=\"custom-wrap\">\n        <div class=\"custom-container pt-5 pb-5\">\n            <div class=\"row\">\n                <div class=\"col-md-12\"><div class=\"row justify-content-around\">\n<div class=\"col-lg-8 col-md-7 col-12 align-self-start\">\n \t<h3 class=\"historiek-title mb-4\">2015-2020<\/h3>\n\t<p class=\"historiek-subtitle\">En 2019, Roularta Printing a \u00e0 nouveau investi dans une presse de magazines dernier cri MAN Lithoman IV 72.<\/p>\n\t<p class=\"historiek-bodytekst\">Synonyme de rendement nettement sup\u00e9rieur, d'\u00e9missions r\u00e9duites et d'une consommation d'\u00e9nergie sensiblement plus basse, la nouvelle Lithoman est parfaitement conforme \u00e0 notre vision de la durabilit\u00e9. Pour la finition, nous avons investi dans diff\u00e9rentes assembleuses et machines de conditionnement et dans une technologie permettant une finition de reliure irr\u00e9prochable pour les magazines.<\/p>\n<\/div>\n<div class=\"col-lg-4 col-md-5 col-12 align-self-start\">\n  <div class=\"row justify-content-end\">\n  \t<img src=\"https:\/\/rmg-be-corp-roulartapr-product-assets-b5b7b1d0.s3.eu-west-1.amazonaws.com\/wp-content\/uploads\/20221207094325\/MANROLAND.jpg\" class=\"float-right historiek-img\" alt=\"historiek-image\">\n  <\/div>\n<\/div>\n<\/div><\/div>\n            <\/div>\n        <\/div>\n      <\/div>\n      \n      \n      <div class=\"custom-wrap even\">\n        <div class=\"custom-container pt-5 pb-5\">\n            <div class=\"row\">\n                <div class=\"col-md-12\"><div class=\"row justify-content-around\">\n<div class=\"col-lg-8 col-md-7 col-12 align-self-start\">\n \t<h3 class=\"historiek-title mb-4\">2020-Aujourd&#8217;hui<\/h3>\n\t<p class=\"historiek-subtitle\">Regard sur l'avenir. <\/p>\n\t<p class=\"historiek-bodytekst\">Roularta Printing est le premier imprimeur du Benelux \u00e0 investir dans une installation d'emballage des impressions dans des enveloppes de papier durables plut\u00f4t que dans une pellicule en plastique nuisible \u00e0 l'environnement. Une nouvelle encarteuse-piqueuse permet d'accro\u00eetre encore la capacit\u00e9 de finition, et une grande attention est accord\u00e9e \u00e0 l'automatisation ult\u00e9rieure des op\u00e9rations d'emballage.<\/p>\n<\/div>\n<div class=\"col-lg-4 col-md-5 col-12 align-self-start\">\n  <div class=\"row justify-content-end\">\n  \t<img src=\"https:\/\/rmg-be-corp-roulartapr-product-assets-b5b7b1d0.s3.eu-west-1.amazonaws.com\/wp-content\/uploads\/20221207094432\/duurzaamheid-1-1.jpg\" class=\"float-right historiek-img\" alt=\"historiek-image\">\n  <\/div>\n<\/div>\n<\/div><\/div>\n            <\/div>\n        <\/div>\n      <\/div>\n    \n\t\n\t\n\t\n<\/div><\/p>\n","protected":false},"author":3,"featured_media":0,"parent":0,"menu_order":1,"comment_status":"closed","ping_status":"closed","template":"","meta":{"_et_pb_use_builder":"on","_et_pb_old_content":"","_et_gb_content_width":""},"yoast_head":"<!-- This site is optimized with the Yoast SEO plugin v19.3 - https:\/\/yoast.com\/wordpress\/plugins\/seo\/ -->\n<title>l&#039;histoire - Roularta Printing<\/title>\n<meta name=\"robots\" content=\"index, follow, max-snippet:-1, max-image-preview:large, max-video-preview:-1\" \/>\n<link rel=\"canonical\" href=\"https:\/\/www.roulartaprinting.be\/fr\/histoire\/\" \/>\n<meta property=\"og:locale\" content=\"fr_FR\" \/>\n<meta property=\"og:type\" content=\"article\" \/>\n<meta property=\"og:title\" content=\"l&#039;histoire - Roularta Printing\" \/>\n<meta property=\"og:description\" content=\"Fiers de notre histoireD&#039;une entreprise d&#039;impression traditionnelle \u00e0 une entreprise industrielleRoularta Printing imprime des journaux et des magazines depuis 1954. Depuis lors, cette soci\u00e9t\u00e9 d&#039;impression traditionnelle s&#039;est d\u00e9velopp\u00e9e jusqu&#039;\u00e0 devenir la plus grande et importante soci\u00e9t\u00e9 d&#039;impression offset en Belgique. Voici quelques \u00e9tapes-cl\u00e9s.\" \/>\n<meta property=\"og:url\" content=\"https:\/\/www.roulartaprinting.be\/fr\/histoire\/\" \/>\n<meta property=\"og:site_name\" content=\"Roularta Printing\" \/>\n<meta property=\"article:publisher\" content=\"https:\/\/www.facebook.com\/RoulartaMediaGroupNV\" \/>\n<meta property=\"article:modified_time\" content=\"2022-04-22T12:40:29+00:00\" \/>\n<meta property=\"og:image\" content=\"https:\/\/www.roulartaprinting.be\/wp-content\/uploads\/printing-nav-logo.png\" \/>\n\t<meta property=\"og:image:width\" content=\"927\" \/>\n\t<meta property=\"og:image:height\" content=\"300\" \/>\n\t<meta property=\"og:image:type\" content=\"image\/png\" \/>\n<meta name=\"twitter:card\" content=\"summary_large_image\" \/>\n<meta name=\"twitter:site\" content=\"@Roularta\" \/>\n<meta name=\"twitter:label1\" content=\"Est. reading time\" \/>\n\t<meta name=\"twitter:data1\" content=\"2 minutes\" \/>\n<script type=\"application\/ld+json\" class=\"yoast-schema-graph\">{\"@context\":\"https:\/\/schema.org\",\"@graph\":[{\"@type\":\"Organization\",\"@id\":\"https:\/\/www.roulartaprinting.be\/#organization\",\"name\":\"Roularta Printing\",\"url\":\"https:\/\/www.roulartaprinting.be\/\",\"sameAs\":[\"https:\/\/www.instagram.com\/roularta_media_group\/\",\"https:\/\/nl.linkedin.com\/company\/roularta-media-group\",\"https:\/\/www.youtube.com\/channel\/UCzqRNaiQagJK0DNzQW3cd7g\",\"https:\/\/www.facebook.com\/RoulartaMediaGroupNV\",\"https:\/\/twitter.com\/Roularta\"],\"logo\":{\"@type\":\"ImageObject\",\"inLanguage\":\"fr-FR\",\"@id\":\"https:\/\/www.roulartaprinting.be\/#\/schema\/logo\/image\/\",\"url\":\"https:\/\/www.roulartaprinting.be\/wp-content\/uploads\/printing-nav-logo.png\",\"contentUrl\":\"https:\/\/www.roulartaprinting.be\/wp-content\/uploads\/printing-nav-logo.png\",\"width\":927,\"height\":300,\"caption\":\"Roularta Printing\"},\"image\":{\"@id\":\"https:\/\/www.roulartaprinting.be\/#\/schema\/logo\/image\/\"}},{\"@type\":\"WebSite\",\"@id\":\"https:\/\/www.roulartaprinting.be\/#website\",\"url\":\"https:\/\/www.roulartaprinting.be\/\",\"name\":\"Roularta Printing\",\"description\":\"\",\"publisher\":{\"@id\":\"https:\/\/www.roulartaprinting.be\/#organization\"},\"potentialAction\":[{\"@type\":\"SearchAction\",\"target\":{\"@type\":\"EntryPoint\",\"urlTemplate\":\"https:\/\/www.roulartaprinting.be\/?s={search_term_string}\"},\"query-input\":\"required name=search_term_string\"}],\"inLanguage\":\"fr-FR\"},{\"@type\":\"WebPage\",\"@id\":\"https:\/\/www.roulartaprinting.be\/fr\/histoire\/\",\"url\":\"https:\/\/www.roulartaprinting.be\/fr\/histoire\/\",\"name\":\"l'histoire - Roularta Printing\",\"isPartOf\":{\"@id\":\"https:\/\/www.roulartaprinting.be\/#website\"},\"datePublished\":\"2021-10-13T07:28:31+00:00\",\"dateModified\":\"2022-04-22T12:40:29+00:00\",\"breadcrumb\":{\"@id\":\"https:\/\/www.roulartaprinting.be\/fr\/histoire\/#breadcrumb\"},\"inLanguage\":\"fr-FR\",\"potentialAction\":[{\"@type\":\"ReadAction\",\"target\":[\"https:\/\/www.roulartaprinting.be\/fr\/histoire\/\"]}]},{\"@type\":\"BreadcrumbList\",\"@id\":\"https:\/\/www.roulartaprinting.be\/fr\/histoire\/#breadcrumb\",\"itemListElement\":[{\"@type\":\"ListItem\",\"position\":1,\"name\":\"Home\",\"item\":\"https:\/\/www.roulartaprinting.be\/fr\/\"},{\"@type\":\"ListItem\",\"position\":2,\"name\":\"l&#8217;histoire\"}]}]}<\/script>\n<!-- \/ Yoast SEO plugin. -->","yoast_head_json":{"title":"l'histoire - Roularta Printing","robots":{"index":"index","follow":"follow","max-snippet":"max-snippet:-1","max-image-preview":"max-image-preview:large","max-video-preview":"max-video-preview:-1"},"canonical":"https:\/\/www.roulartaprinting.be\/fr\/histoire\/","og_locale":"fr_FR","og_type":"article","og_title":"l'histoire - Roularta Printing","og_description":"Fiers de notre histoireD'une entreprise d'impression traditionnelle \u00e0 une entreprise industrielleRoularta Printing imprime des journaux et des magazines depuis 1954. Depuis lors, cette soci\u00e9t\u00e9 d'impression traditionnelle s'est d\u00e9velopp\u00e9e jusqu'\u00e0 devenir la plus grande et importante soci\u00e9t\u00e9 d'impression offset en Belgique. Voici quelques \u00e9tapes-cl\u00e9s.","og_url":"https:\/\/www.roulartaprinting.be\/fr\/histoire\/","og_site_name":"Roularta Printing","article_publisher":"https:\/\/www.facebook.com\/RoulartaMediaGroupNV","article_modified_time":"2022-04-22T12:40:29+00:00","og_image":[{"width":927,"height":300,"url":"https:\/\/www.roulartaprinting.be\/wp-content\/uploads\/printing-nav-logo.png","type":"image\/png"}],"twitter_card":"summary_large_image","twitter_site":"@Roularta","twitter_misc":{"Est. reading time":"2 minutes"},"schema":{"@context":"https:\/\/schema.org","@graph":[{"@type":"Organization","@id":"https:\/\/www.roulartaprinting.be\/#organization","name":"Roularta Printing","url":"https:\/\/www.roulartaprinting.be\/","sameAs":["https:\/\/www.instagram.com\/roularta_media_group\/","https:\/\/nl.linkedin.com\/company\/roularta-media-group","https:\/\/www.youtube.com\/channel\/UCzqRNaiQagJK0DNzQW3cd7g","https:\/\/www.facebook.com\/RoulartaMediaGroupNV","https:\/\/twitter.com\/Roularta"],"logo":{"@type":"ImageObject","inLanguage":"fr-FR","@id":"https:\/\/www.roulartaprinting.be\/#\/schema\/logo\/image\/","url":"https:\/\/www.roulartaprinting.be\/wp-content\/uploads\/printing-nav-logo.png","contentUrl":"https:\/\/www.roulartaprinting.be\/wp-content\/uploads\/printing-nav-logo.png","width":927,"height":300,"caption":"Roularta Printing"},"image":{"@id":"https:\/\/www.roulartaprinting.be\/#\/schema\/logo\/image\/"}},{"@type":"WebSite","@id":"https:\/\/www.roulartaprinting.be\/#website","url":"https:\/\/www.roulartaprinting.be\/","name":"Roularta Printing","description":"","publisher":{"@id":"https:\/\/www.roulartaprinting.be\/#organization"},"potentialAction":[{"@type":"SearchAction","target":{"@type":"EntryPoint","urlTemplate":"https:\/\/www.roulartaprinting.be\/?s={search_term_string}"},"query-input":"required name=search_term_string"}],"inLanguage":"fr-FR"},{"@type":"WebPage","@id":"https:\/\/www.roulartaprinting.be\/fr\/histoire\/","url":"https:\/\/www.roulartaprinting.be\/fr\/histoire\/","name":"l'histoire - Roularta Printing","isPartOf":{"@id":"https:\/\/www.roulartaprinting.be\/#website"},"datePublished":"2021-10-13T07:28:31+00:00","dateModified":"2022-04-22T12:40:29+00:00","breadcrumb":{"@id":"https:\/\/www.roulartaprinting.be\/fr\/histoire\/#breadcrumb"},"inLanguage":"fr-FR","potentialAction":[{"@type":"ReadAction","target":["https:\/\/www.roulartaprinting.be\/fr\/histoire\/"]}]},{"@type":"BreadcrumbList","@id":"https:\/\/www.roulartaprinting.be\/fr\/histoire\/#breadcrumb","itemListElement":[{"@type":"ListItem","position":1,"name":"Home","item":"https:\/\/www.roulartaprinting.be\/fr\/"},{"@type":"ListItem","position":2,"name":"l&#8217;histoire"}]}]}},"_links":{"self":[{"href":"https:\/\/www.roulartaprinting.be\/fr\/wp-json\/wp\/v2\/pages\/7315"}],"collection":[{"href":"https:\/\/www.roulartaprinting.be\/fr\/wp-json\/wp\/v2\/pages"}],"about":[{"href":"https:\/\/www.roulartaprinting.be\/fr\/wp-json\/wp\/v2\/types\/page"}],"author":[{"embeddable":true,"href":"https:\/\/www.roulartaprinting.be\/fr\/wp-json\/wp\/v2\/users\/3"}],"replies":[{"embeddable":true,"href":"https:\/\/www.roulartaprinting.be\/fr\/wp-json\/wp\/v2\/comments?post=7315"}],"version-history":[{"count":0,"href":"https:\/\/www.roulartaprinting.be\/fr\/wp-json\/wp\/v2\/pages\/7315\/revisions"}],"wp:attachment":[{"href":"https:\/\/www.roulartaprinting.be\/fr\/wp-json\/wp\/v2\/media?parent=7315"}],"curies":[{"name":"wp","href":"https:\/\/api.w.org\/{rel}","templated":true}]}}