{"id":7331,"date":"2021-10-13T08:16:42","date_gmt":"2021-10-13T08:16:42","guid":{"rendered":"https:\/\/www.roulartaprinting.be\/man-colorman\/"},"modified":"2025-08-04T15:49:13","modified_gmt":"2025-08-04T13:49:13","slug":"man-colorman","status":"publish","type":"page","link":"https:\/\/www.roulartaprinting.be\/fr\/man-colorman\/","title":{"rendered":"Man colorman"},"content":{"rendered":"<p>[et_pb_section bb_built=&#8221;1&#8243; custom_padding_last_edited=&#8221;on|desktop&#8221; _builder_version=&#8221;4.10.8&#8243; _module_preset=&#8221;default&#8221; background_color=&#8221;#f6f6f6&#8243; custom_css_main_element=&#8221;padding-bottom: 100px!important; &#8221; border_color_top=&#8221;#3c3c3c&#8221; global_colors_info=&#8221;{}&#8221; custom_css_main_element_last_edited=&#8221;on|phone&#8221; custom_css_main_element_tablet=&#8221;padding-bottom: 60px!important; &#8221; custom_css_main_element_phone=&#8221;padding-bottom: 40px!important; &#8220;][et_pb_row column_structure=&#8221;2_5,3_5&#8243; _builder_version=&#8221;4.10.8&#8243; _module_preset=&#8221;default&#8221; custom_padding=&#8221;0px||0px|||&#8221; global_colors_info=&#8221;{}&#8221;][et_pb_column type=&#8221;2_5&#8243; _builder_version=&#8221;4.9.10&#8243; _module_preset=&#8221;default&#8221; global_colors_info=&#8221;{}&#8221;][et_pb_text _builder_version=&#8221;4.14.4&#8243; _module_preset=&#8221;default&#8221; custom_margin=&#8221;||15px||false|false&#8221; custom_margin_tablet=&#8221;||0px||false|false&#8221; custom_margin_last_edited=&#8221;on|desktop&#8221; global_colors_info=&#8221;{}&#8221;]<\/p>\n<h2>La puissante Colorman polyvalente<\/h2>\n<p>[\/et_pb_text][et_pb_text _builder_version=&#8221;4.14.4&#8243; _module_preset=&#8221;default&#8221; text_font=&#8221;basier|300|||||||&#8221; text_text_color=&#8221;#3c3c3c&#8221; text_font_size=&#8221;15px&#8221; text_line_height=&#8221;24px&#8221; custom_margin=&#8221;||60px||false|false&#8221; custom_margin_tablet=&#8221;||40px||false|false&#8221; custom_margin_phone=&#8221;||20px|0px|false|false&#8221; custom_margin_last_edited=&#8221;on|phone&#8221; animation_style=&#8221;slide&#8221; animation_direction=&#8221;left&#8221; animation_duration=&#8221;800ms&#8221; animation_delay=&#8221;400ms&#8221; animation_intensity_slide=&#8221;25%&#8221; animation_speed_curve=&#8221;ease-out&#8221; global_colors_info=&#8221;{}&#8221;]<\/p>\n<p><strong>La MAN Colorman peut imprimer jusqu&#8217;\u00e0 4 bandes de papier en m\u00eame temps et offre une capacit\u00e9 unique de 64 pages en grand format et jusqu&#8217;\u00e0 128 pages en format tablo\u00efd. <\/strong> Mais elle brille \u00e9galement par sa polyvalence. Gr\u00e2ce \u00e0 sa configuration hors norme, la MAN Colorman peut \u00e9galement g\u00e9rer des sections de 48 pages au format tablo\u00efd, le seul mod\u00e8le sur le march\u00e9 \u00e0 pouvoir le faire.<\/p>\n<p>[\/et_pb_text][et_pb_button button_url=&#8221;@ET-DC@eyJkeW5hbWljIjp0cnVlLCJjb250ZW50IjoicG9zdF9saW5rX3VybF9wYWdlIiwic2V0dGluZ3MiOnsicG9zdF9pZCI6IjM0MiJ9fQ==@&#8221; button_text=&#8221;DEMANDER UN DEVIS&#8221; _builder_version=&#8221;4.14.2&#8243; _dynamic_attributes=&#8221;button_url&#8221; _module_preset=&#8221;default&#8221; custom_button=&#8221;on&#8221; button_text_size=&#8221;18px&#8221; button_text_color=&#8221;#FFFFFF&#8221; button_bg_color=&#8221;#E02B20&#8243; button_border_color=&#8221;#E02B20&#8243; button_border_radius=&#8221;100px&#8221; button_font=&#8221;IBM Plex Sans|500||on|||||&#8221; button_use_icon=&#8221;off&#8221; custom_margin_tablet=&#8221;|||0px|false|false&#8221; custom_margin_last_edited=&#8221;off|desktop&#8221; custom_padding=&#8221;10px|20px|10px|20px|true|true&#8221; custom_padding_phone=&#8221;8px|16px|8px|16px|true|true&#8221; custom_padding_last_edited=&#8221;on|phone&#8221; animation_style=&#8221;slide&#8221; animation_direction=&#8221;bottom&#8221; animation_duration=&#8221;500ms&#8221; animation_delay=&#8221;200ms&#8221; animation_intensity_slide=&#8221;20%&#8221; animation_speed_curve=&#8221;ease-out&#8221; button_text_size_phone=&#8221;14px&#8221; button_text_size_last_edited=&#8221;on|phone&#8221; global_colors_info=&#8221;{}&#8221; button_text_color__hover_enabled=&#8221;off|hover&#8221; button_text_color__hover=&#8221;#E02B20&#8243; button_bg_color__hover_enabled=&#8221;on|hover&#8221; button_bg_color__hover=&#8221;#520c20&#8243; button_bg_enable_color__hover=&#8221;on&#8221; button_border_color__hover_enabled=&#8221;on|hover&#8221; button_border_color__hover=&#8221;#520c20&#8243;]<\/p>\n<p><\/p>\n<p>[\/et_pb_button][\/et_pb_column][et_pb_column type=&#8221;3_5&#8243; _builder_version=&#8221;4.9.10&#8243; _module_preset=&#8221;default&#8221; global_colors_info=&#8221;{}&#8221;][et_pb_code _builder_version=&#8221;4.14.9&#8243; _module_preset=&#8221;default&#8221; global_colors_info=&#8221;{}&#8221; box_shadow_horizontal_tablet=&#8221;0px&#8221; box_shadow_vertical_tablet=&#8221;0px&#8221; box_shadow_blur_tablet=&#8221;40px&#8221; box_shadow_spread_tablet=&#8221;0px&#8221; vertical_offset_tablet=&#8221;0&#8243; horizontal_offset_tablet=&#8221;0&#8243; z_index_tablet=&#8221;0&#8243;]<\/p>\n<div class=\"videoWrapper\"><!-- [et_pb_line_break_holder] -->  <!-- Copy & Pasted from YouTube --><!-- [et_pb_line_break_holder] -->  <iframe src=\"https:\/\/rmgvideo.bbvms.com\/p\/rmg_corporate\/c\/6289857.html?inheritDimensions=true&#038;placementOption=default\" frameborder=\"0\" style=\"border: 0\" allow=\"autoplay; fullscreen\" allowfullscreen><\/iframe><!-- [et_pb_line_break_holder] --><\/div>\n<p>[\/et_pb_code][\/et_pb_column][\/et_pb_row][\/et_pb_section]<\/p>\n","protected":false},"excerpt":{"rendered":"<p>La puissante Colorman polyvalente La MAN Colorman peut imprimer jusqu&#8217;\u00e0 4 bandes de papier en m\u00eame temps et offre une capacit\u00e9 unique de 64 pages en grand format et jusqu&#8217;\u00e0 128 pages en format tablo\u00efd. Mais elle brille \u00e9galement par sa polyvalence. Gr\u00e2ce \u00e0 sa configuration hors norme, la MAN Colorman peut \u00e9galement g\u00e9rer des [&hellip;]<\/p>\n","protected":false},"author":3,"featured_media":0,"parent":0,"menu_order":50,"comment_status":"closed","ping_status":"closed","template":"","meta":{"_et_pb_use_builder":"on","_et_pb_old_content":"","_et_gb_content_width":""},"yoast_head":"<!-- This site is optimized with the Yoast SEO plugin v19.3 - https:\/\/yoast.com\/wordpress\/plugins\/seo\/ -->\n<title>Man colorman - Roularta Printing<\/title>\n<meta name=\"robots\" content=\"index, follow, max-snippet:-1, max-image-preview:large, max-video-preview:-1\" \/>\n<link rel=\"canonical\" href=\"https:\/\/www.roulartaprinting.be\/fr\/man-colorman\/\" \/>\n<meta property=\"og:locale\" content=\"fr_FR\" \/>\n<meta property=\"og:type\" content=\"article\" \/>\n<meta property=\"og:title\" content=\"Man colorman - Roularta Printing\" \/>\n<meta property=\"og:description\" content=\"La puissante Colorman polyvalente La MAN Colorman peut imprimer jusqu&#039;\u00e0 4 bandes de papier en m\u00eame temps et offre une capacit\u00e9 unique de 64 pages en grand format et jusqu&#039;\u00e0 128 pages en format tablo\u00efd. Mais elle brille \u00e9galement par sa polyvalence. Gr\u00e2ce \u00e0 sa configuration hors norme, la MAN Colorman peut \u00e9galement g\u00e9rer des [&hellip;]\" \/>\n<meta property=\"og:url\" content=\"https:\/\/www.roulartaprinting.be\/fr\/man-colorman\/\" \/>\n<meta property=\"og:site_name\" content=\"Roularta Printing\" \/>\n<meta property=\"article:publisher\" content=\"https:\/\/www.facebook.com\/RoulartaMediaGroupNV\" \/>\n<meta property=\"article:modified_time\" content=\"2025-08-04T13:49:13+00:00\" \/>\n<meta property=\"og:image\" content=\"https:\/\/www.roulartaprinting.be\/wp-content\/uploads\/printing-nav-logo.png\" \/>\n\t<meta property=\"og:image:width\" content=\"927\" \/>\n\t<meta property=\"og:image:height\" content=\"300\" \/>\n\t<meta property=\"og:image:type\" content=\"image\/png\" \/>\n<meta name=\"twitter:card\" content=\"summary_large_image\" \/>\n<meta name=\"twitter:site\" content=\"@Roularta\" \/>\n<meta name=\"twitter:label1\" content=\"Est. reading time\" \/>\n\t<meta name=\"twitter:data1\" content=\"1 minute\" \/>\n<script type=\"application\/ld+json\" class=\"yoast-schema-graph\">{\"@context\":\"https:\/\/schema.org\",\"@graph\":[{\"@type\":\"Organization\",\"@id\":\"https:\/\/www.roulartaprinting.be\/#organization\",\"name\":\"Roularta Printing\",\"url\":\"https:\/\/www.roulartaprinting.be\/\",\"sameAs\":[\"https:\/\/www.instagram.com\/roularta_media_group\/\",\"https:\/\/nl.linkedin.com\/company\/roularta-media-group\",\"https:\/\/www.youtube.com\/channel\/UCzqRNaiQagJK0DNzQW3cd7g\",\"https:\/\/www.facebook.com\/RoulartaMediaGroupNV\",\"https:\/\/twitter.com\/Roularta\"],\"logo\":{\"@type\":\"ImageObject\",\"inLanguage\":\"fr-FR\",\"@id\":\"https:\/\/www.roulartaprinting.be\/#\/schema\/logo\/image\/\",\"url\":\"https:\/\/www.roulartaprinting.be\/wp-content\/uploads\/printing-nav-logo.png\",\"contentUrl\":\"https:\/\/www.roulartaprinting.be\/wp-content\/uploads\/printing-nav-logo.png\",\"width\":927,\"height\":300,\"caption\":\"Roularta Printing\"},\"image\":{\"@id\":\"https:\/\/www.roulartaprinting.be\/#\/schema\/logo\/image\/\"}},{\"@type\":\"WebSite\",\"@id\":\"https:\/\/www.roulartaprinting.be\/#website\",\"url\":\"https:\/\/www.roulartaprinting.be\/\",\"name\":\"Roularta Printing\",\"description\":\"\",\"publisher\":{\"@id\":\"https:\/\/www.roulartaprinting.be\/#organization\"},\"potentialAction\":[{\"@type\":\"SearchAction\",\"target\":{\"@type\":\"EntryPoint\",\"urlTemplate\":\"https:\/\/www.roulartaprinting.be\/?s={search_term_string}\"},\"query-input\":\"required name=search_term_string\"}],\"inLanguage\":\"fr-FR\"},{\"@type\":\"WebPage\",\"@id\":\"https:\/\/www.roulartaprinting.be\/fr\/man-colorman\/\",\"url\":\"https:\/\/www.roulartaprinting.be\/fr\/man-colorman\/\",\"name\":\"Man colorman - Roularta Printing\",\"isPartOf\":{\"@id\":\"https:\/\/www.roulartaprinting.be\/#website\"},\"datePublished\":\"2021-10-13T08:16:42+00:00\",\"dateModified\":\"2025-08-04T13:49:13+00:00\",\"breadcrumb\":{\"@id\":\"https:\/\/www.roulartaprinting.be\/fr\/man-colorman\/#breadcrumb\"},\"inLanguage\":\"fr-FR\",\"potentialAction\":[{\"@type\":\"ReadAction\",\"target\":[\"https:\/\/www.roulartaprinting.be\/fr\/man-colorman\/\"]}]},{\"@type\":\"BreadcrumbList\",\"@id\":\"https:\/\/www.roulartaprinting.be\/fr\/man-colorman\/#breadcrumb\",\"itemListElement\":[{\"@type\":\"ListItem\",\"position\":1,\"name\":\"Home\",\"item\":\"https:\/\/www.roulartaprinting.be\/fr\/\"},{\"@type\":\"ListItem\",\"position\":2,\"name\":\"Man colorman\"}]}]}<\/script>\n<!-- \/ Yoast SEO plugin. -->","yoast_head_json":{"title":"Man colorman - Roularta Printing","robots":{"index":"index","follow":"follow","max-snippet":"max-snippet:-1","max-image-preview":"max-image-preview:large","max-video-preview":"max-video-preview:-1"},"canonical":"https:\/\/www.roulartaprinting.be\/fr\/man-colorman\/","og_locale":"fr_FR","og_type":"article","og_title":"Man colorman - Roularta Printing","og_description":"La puissante Colorman polyvalente La MAN Colorman peut imprimer jusqu'\u00e0 4 bandes de papier en m\u00eame temps et offre une capacit\u00e9 unique de 64 pages en grand format et jusqu'\u00e0 128 pages en format tablo\u00efd. Mais elle brille \u00e9galement par sa polyvalence. Gr\u00e2ce \u00e0 sa configuration hors norme, la MAN Colorman peut \u00e9galement g\u00e9rer des [&hellip;]","og_url":"https:\/\/www.roulartaprinting.be\/fr\/man-colorman\/","og_site_name":"Roularta Printing","article_publisher":"https:\/\/www.facebook.com\/RoulartaMediaGroupNV","article_modified_time":"2025-08-04T13:49:13+00:00","og_image":[{"width":927,"height":300,"url":"https:\/\/www.roulartaprinting.be\/wp-content\/uploads\/printing-nav-logo.png","type":"image\/png"}],"twitter_card":"summary_large_image","twitter_site":"@Roularta","twitter_misc":{"Est. reading time":"1 minute"},"schema":{"@context":"https:\/\/schema.org","@graph":[{"@type":"Organization","@id":"https:\/\/www.roulartaprinting.be\/#organization","name":"Roularta Printing","url":"https:\/\/www.roulartaprinting.be\/","sameAs":["https:\/\/www.instagram.com\/roularta_media_group\/","https:\/\/nl.linkedin.com\/company\/roularta-media-group","https:\/\/www.youtube.com\/channel\/UCzqRNaiQagJK0DNzQW3cd7g","https:\/\/www.facebook.com\/RoulartaMediaGroupNV","https:\/\/twitter.com\/Roularta"],"logo":{"@type":"ImageObject","inLanguage":"fr-FR","@id":"https:\/\/www.roulartaprinting.be\/#\/schema\/logo\/image\/","url":"https:\/\/www.roulartaprinting.be\/wp-content\/uploads\/printing-nav-logo.png","contentUrl":"https:\/\/www.roulartaprinting.be\/wp-content\/uploads\/printing-nav-logo.png","width":927,"height":300,"caption":"Roularta Printing"},"image":{"@id":"https:\/\/www.roulartaprinting.be\/#\/schema\/logo\/image\/"}},{"@type":"WebSite","@id":"https:\/\/www.roulartaprinting.be\/#website","url":"https:\/\/www.roulartaprinting.be\/","name":"Roularta Printing","description":"","publisher":{"@id":"https:\/\/www.roulartaprinting.be\/#organization"},"potentialAction":[{"@type":"SearchAction","target":{"@type":"EntryPoint","urlTemplate":"https:\/\/www.roulartaprinting.be\/?s={search_term_string}"},"query-input":"required name=search_term_string"}],"inLanguage":"fr-FR"},{"@type":"WebPage","@id":"https:\/\/www.roulartaprinting.be\/fr\/man-colorman\/","url":"https:\/\/www.roulartaprinting.be\/fr\/man-colorman\/","name":"Man colorman - Roularta Printing","isPartOf":{"@id":"https:\/\/www.roulartaprinting.be\/#website"},"datePublished":"2021-10-13T08:16:42+00:00","dateModified":"2025-08-04T13:49:13+00:00","breadcrumb":{"@id":"https:\/\/www.roulartaprinting.be\/fr\/man-colorman\/#breadcrumb"},"inLanguage":"fr-FR","potentialAction":[{"@type":"ReadAction","target":["https:\/\/www.roulartaprinting.be\/fr\/man-colorman\/"]}]},{"@type":"BreadcrumbList","@id":"https:\/\/www.roulartaprinting.be\/fr\/man-colorman\/#breadcrumb","itemListElement":[{"@type":"ListItem","position":1,"name":"Home","item":"https:\/\/www.roulartaprinting.be\/fr\/"},{"@type":"ListItem","position":2,"name":"Man colorman"}]}]}},"_links":{"self":[{"href":"https:\/\/www.roulartaprinting.be\/fr\/wp-json\/wp\/v2\/pages\/7331"}],"collection":[{"href":"https:\/\/www.roulartaprinting.be\/fr\/wp-json\/wp\/v2\/pages"}],"about":[{"href":"https:\/\/www.roulartaprinting.be\/fr\/wp-json\/wp\/v2\/types\/page"}],"author":[{"embeddable":true,"href":"https:\/\/www.roulartaprinting.be\/fr\/wp-json\/wp\/v2\/users\/3"}],"replies":[{"embeddable":true,"href":"https:\/\/www.roulartaprinting.be\/fr\/wp-json\/wp\/v2\/comments?post=7331"}],"version-history":[{"count":2,"href":"https:\/\/www.roulartaprinting.be\/fr\/wp-json\/wp\/v2\/pages\/7331\/revisions"}],"predecessor-version":[{"id":11045,"href":"https:\/\/www.roulartaprinting.be\/fr\/wp-json\/wp\/v2\/pages\/7331\/revisions\/11045"}],"wp:attachment":[{"href":"https:\/\/www.roulartaprinting.be\/fr\/wp-json\/wp\/v2\/media?parent=7331"}],"curies":[{"name":"wp","href":"https:\/\/api.w.org\/{rel}","templated":true}]}}